{"id":20831,"date":"2024-02-21T13:55:17","date_gmt":"2024-02-21T12:55:17","guid":{"rendered":"https:\/\/crazytimesmusic.com\/?page_id=20831"},"modified":"2025-03-29T15:58:45","modified_gmt":"2025-03-29T14:58:45","slug":"our-label","status":"publish","type":"page","link":"https:\/\/crazytimesmusic.com\/en\/our-label\/","title":{"rendered":"Our label"},"content":{"rendered":"<p>[et_pb_section fb_built=&#8221;1&#8243; fullwidth=&#8221;on&#8221; _builder_version=&#8221;4.24.1&#8243; _module_preset=&#8221;default&#8221; bottom_divider_style=&#8221;curve2&#8243; bottom_divider_color=&#8221;gcid-81858621-84b1-4406-a911-2778613483aa&#8221; global_colors_info=&#8221;{%22gcid-81858621-84b1-4406-a911-2778613483aa%22:%91%22bottom_divider_color%22%93}&#8221;][et_pb_fullwidth_header title=&#8221;Our Label&#8221; text_orientation=&#8221;center&#8221; header_image_url=&#8221;https:\/\/new.crazytimesmusic.fr\/wp-content\/uploads\/2024\/02\/crazytimesrecords.png&#8221; _builder_version=&#8221;4.24.3&#8243; _module_preset=&#8221;default&#8221; title_font=&#8221;Lobster|700|||||||&#8221; title_text_color=&#8221;gcid-81858621-84b1-4406-a911-2778613483aa&#8221; title_font_size=&#8221;66px&#8221; background_enable_color=&#8221;off&#8221; use_background_color_gradient=&#8221;on&#8221; background_color_gradient_stops=&#8221;#b6472b 0%|#e4dfc3 100%&#8221; background_image=&#8221;https:\/\/crazytimesmusic.com\/wp-content\/uploads\/2024\/03\/banniere-CrazyTimesRecords.jpg&#8221; background_size=&#8221;initial&#8221; background_blend=&#8221;multiply&#8221; min_height=&#8221;400px&#8221; custom_padding=&#8221;7vw||7vw||true|false&#8221; hover_enabled=&#8221;0&#8243; global_colors_info=&#8221;{%22gcid-81858621-84b1-4406-a911-2778613483aa%22:%91%22title_text_color%22%93}&#8221; sticky_enabled=&#8221;0&#8243;][\/et_pb_fullwidth_header][\/et_pb_section][et_pb_section fb_built=&#8221;1&#8243; _builder_version=&#8221;4.24.1&#8243; _module_preset=&#8221;default&#8221; background_color=&#8221;gcid-81858621-84b1-4406-a911-2778613483aa&#8221; custom_padding=&#8221;7px|||||&#8221; global_colors_info=&#8221;{%22gcid-81858621-84b1-4406-a911-2778613483aa%22:%91%22background_color%22%93}&#8221;][et_pb_row _builder_version=&#8221;4.24.0&#8243; _module_preset=&#8221;default&#8221; global_colors_info=&#8221;{}&#8221;][et_pb_column type=&#8221;4_4&#8243; _builder_version=&#8221;4.24.0&#8243; _module_preset=&#8221;default&#8221; global_colors_info=&#8221;{}&#8221;][et_pb_image src=&#8221;https:\/\/crazytimesmusic.com\/wp-content\/uploads\/2024\/03\/crazytimesrecords.png&#8221; title_text=&#8221;crazytimesrecords&#8221; align=&#8221;center&#8221; _builder_version=&#8221;4.24.3&#8243; _module_preset=&#8221;default&#8221; transform_scale=&#8221;80%|80%&#8221; hover_enabled=&#8221;0&#8243; global_colors_info=&#8221;{}&#8221; sticky_enabled=&#8221;0&#8243;][\/et_pb_image][et_pb_text _builder_version=&#8221;4.24.3&#8243; _module_preset=&#8221;default&#8221; header_3_font=&#8221;Lobster||||||||&#8221; header_3_text_align=&#8221;justify&#8221; header_3_text_color=&#8221;#000000&#8243; header_3_font_size=&#8221;20px&#8221; header_3_line_height=&#8221;1.3em&#8221; hover_enabled=&#8221;0&#8243; global_colors_info=&#8221;{}&#8221; sticky_enabled=&#8221;0&#8243;]<\/p>\n<h3 class=\"span2\">Independent French label since 2008, Crazy Times Records will bring you the best sound you can dream of. With the help and support of artists and groups: Nico Duportal, Jack Face &amp; the Rustic Echoes, The Boppin&#8217; Gliesers, Pete and the Starphonics, Al Willis &amp; The New Swingsters, The King Baker&#8217;s Combo, Las Vargas, The Bonneville Barons, The Rockhouse Trio, The Noisy Boys, The Atomics, The Tawny Owls, The Rockin&#8217; James Trio, The Grizzly Family, Little Bastard, etc.<\/h3>\n<p>[\/et_pb_text][et_pb_shop type=&#8221;product_category&#8221; posts_number=&#8221;30&#8243; show_pagination=&#8221;on&#8221; include_categories=&#8221;827&#8243; columns_number=&#8221;5&#8243; orderby=&#8221;menu_order&#8221; icon_hover_color=&#8221;#FFFFFF&#8221; hover_overlay_color=&#8221;rgba(119,37,0,0.75)&#8221; _builder_version=&#8221;4.24.2&#8243; _module_preset=&#8221;default&#8221; title_font=&#8221;|600|||||||&#8221; title_text_align=&#8221;center&#8221; title_text_color=&#8221;#000000&#8243; title_line_height=&#8221;1.3em&#8221; price_font=&#8221;|600|||||||&#8221; price_text_align=&#8221;center&#8221; price_text_color=&#8221;gcid-e73d9f5d-3f46-41e8-baf5-c4b8d8711414&#8243; price_font_size=&#8221;16px&#8221; price_line_height=&#8221;10px&#8221; sale_badge_font=&#8221;|700|||||||&#8221; sale_badge_font_size=&#8221;14px&#8221; text_orientation=&#8221;left&#8221; custom_margin=&#8221;||6px|||&#8221; border_width_all_image=&#8221;3px&#8221; border_color_all_image=&#8221;#FFFFFF&#8221; border_radii_sale_badge=&#8221;on|0px|0px|0px|0px&#8221; border_width_all_sale_badge=&#8221;0px&#8221; border_color_all_sale_badge=&#8221;#FFFFFF&#8221; box_shadow_style_image=&#8221;preset1&#8243; global_colors_info=&#8221;{%22gcid-e73d9f5d-3f46-41e8-baf5-c4b8d8711414%22:%91%22price_text_color%22%93}&#8221;][\/et_pb_shop][et_pb_text _builder_version=&#8221;4.24.3&#8243; _module_preset=&#8221;default&#8221; text_font=&#8221;Lobster||||||||&#8221; text_text_color=&#8221;gcid-b7a8f7fc-26d7-43ed-ab16-e7ccaa0a19a9&#8243; text_font_size=&#8221;20px&#8221; text_line_height=&#8221;1.3em&#8221; header_3_font=&#8221;Lobster||||||||&#8221; header_3_text_align=&#8221;justify&#8221; header_3_text_color=&#8221;#000000&#8243; header_3_font_size=&#8221;20px&#8221; header_3_line_height=&#8221;1.3em&#8221; text_orientation=&#8221;center&#8221; hover_enabled=&#8221;0&#8243; global_colors_info=&#8221;{%22gcid-b7a8f7fc-26d7-43ed-ab16-e7ccaa0a19a9%22:%91%22text_text_color%22%93}&#8221; sticky_enabled=&#8221;0&#8243;]<\/p>\n<p>Can&#8217;t find your Crazy Times Records disc in this gallery?<\/p>\n<p>You still have a second chance by visiting our small parallel store on Discogs, by clicking on the logo below.<\/p>\n<p>[\/et_pb_text][et_pb_image src=&#8221;https:\/\/crazytimesmusic.com\/wp-content\/uploads\/2024\/03\/Discogs_logo_black.png&#8221; title_text=&#8221;Discogs_logo_black&#8221; url=&#8221;https:\/\/www.discogs.com\/fr\/label\/609684-Crazy-Times-Records&#8221; align=&#8221;center&#8221; _builder_version=&#8221;4.24.3&#8243; _module_preset=&#8221;default&#8221; transform_scale=&#8221;80%|80%&#8221; width=&#8221;30%&#8221; hover_enabled=&#8221;0&#8243; global_colors_info=&#8221;{}&#8221; sticky_enabled=&#8221;0&#8243;][\/et_pb_image][\/et_pb_column][\/et_pb_row][\/et_pb_section]<\/p>\n","protected":false},"excerpt":{"rendered":"<p>Independent French label since 2008, Crazy Times Records will bring you the best sound you can dream of. With the help and support of artists and groups: Nico Duportal, Jack Face &amp; the Rustic Echoes, The Boppin&#8217; Gliesers, Pete and the Starphonics, Al Willis &amp; The New Swingsters, The King Baker&#8217;s Combo, Las Vargas, The Bonneville Barons, The Rockhouse Trio, The Noisy Boys, The Atomics, The Tawny Owls, The Rockin&#8217; James Trio, The Grizzly Family, Little Bastard, etc.Can&#8217;t find your Crazy Times Records disc in this gallery? You still have a second chance by visiting our small parallel store on Discogs, by clicking on the logo below.<\/p>\n","protected":false},"author":753,"featured_media":0,"parent":0,"menu_order":0,"comment_status":"closed","ping_status":"closed","template":"","meta":{"_et_pb_use_builder":"on","_et_pb_old_content":"<p>[et_pb_section fb_built=\"1\" fullwidth=\"on\" _builder_version=\"4.24.1\" _module_preset=\"default\" bottom_divider_style=\"curve2\" bottom_divider_color=\"gcid-81858621-84b1-4406-a911-2778613483aa\" global_colors_info=\"{%22gcid-81858621-84b1-4406-a911-2778613483aa%22:%91%22bottom_divider_color%22%93}\"][et_pb_fullwidth_header title=\"La Boutique\" text_orientation=\"center\" header_image_url=\"https:\/\/new.crazytimesmusic.fr\/wp-content\/uploads\/2024\/02\/logo-CTM.png\" _builder_version=\"4.24.1\" _module_preset=\"default\" title_font=\"Lobster|700|||||||\" title_text_color=\"gcid-81858621-84b1-4406-a911-2778613483aa\" title_font_size=\"48px\" background_color=\"#b6472b\" use_background_color_gradient=\"on\" background_color_gradient_stops=\"#b6472b 0%|#e4dfc3 100%\" background_image=\"https:\/\/new.crazytimesmusic.fr\/wp-content\/uploads\/2024\/02\/bannieres-crazytimesmusic-genevincent.jpg\" background_size=\"initial\" background_blend=\"multiply\" min_height=\"234px\" custom_padding=\"55px||53px|||\" global_colors_info=\"{%22gcid-81858621-84b1-4406-a911-2778613483aa%22:%91%22title_text_color%22%93}\"][\/et_pb_fullwidth_header][\/et_pb_section][et_pb_section fb_built=\"1\" _builder_version=\"4.24.1\" _module_preset=\"default\" background_color=\"gcid-81858621-84b1-4406-a911-2778613483aa\" custom_padding=\"32px||14px|||\" global_colors_info=\"{%22gcid-81858621-84b1-4406-a911-2778613483aa%22:%91%22background_color%22%93}\"][et_pb_row _builder_version=\"4.24.0\" _module_preset=\"default\" global_colors_info=\"{}\"][et_pb_column type=\"4_4\" _builder_version=\"4.24.0\" _module_preset=\"default\" global_colors_info=\"{}\"][et_pb_text _builder_version=\"4.24.1\" _module_preset=\"default\" header_3_font=\"Lobster||||||||\" header_3_text_align=\"center\" header_3_text_color=\"gcid-e73d9f5d-3f46-41e8-baf5-c4b8d8711414\" header_3_font_size=\"32px\" global_colors_info=\"{%22gcid-e73d9f5d-3f46-41e8-baf5-c4b8d8711414%22:%91%22header_3_text_color%22%93}\"]<\/p><h3 class=\"span2\">D\u00e9couvrez nos nouveaux disques !<\/h3><p>[\/et_pb_text][et_pb_shop type=\"latest\" posts_number=\"15\" show_pagination=\"on\" columns_number=\"5\" icon_hover_color=\"#FFFFFF\" hover_overlay_color=\"rgba(119,37,0,0.75)\" _builder_version=\"4.24.1\" _module_preset=\"default\" title_font=\"|600|||||||\" title_text_align=\"center\" title_text_color=\"#000000\" title_line_height=\"1.3em\" price_font=\"|600|||||||\" price_text_align=\"center\" price_text_color=\"gcid-e73d9f5d-3f46-41e8-baf5-c4b8d8711414\" price_font_size=\"16px\" price_line_height=\"10px\" sale_badge_font=\"|700|||||||\" sale_badge_font_size=\"14px\" text_orientation=\"left\" border_width_all_image=\"3px\" border_color_all_image=\"#FFFFFF\" border_radii_sale_badge=\"on|0px|0px|0px|0px\" border_width_all_sale_badge=\"0px\" border_color_all_sale_badge=\"#FFFFFF\" box_shadow_style_image=\"preset1\" global_colors_info=\"{%22gcid-e73d9f5d-3f46-41e8-baf5-c4b8d8711414%22:%91%22price_text_color%22%93}\"][\/et_pb_shop][\/et_pb_column][\/et_pb_row][\/et_pb_section][et_pb_section fb_built=\"1\" _builder_version=\"4.24.1\" _module_preset=\"default\" background_color=\"gcid-81858621-84b1-4406-a911-2778613483aa\" custom_padding=\"32px|||||\" global_colors_info=\"{%22gcid-81858621-84b1-4406-a911-2778613483aa%22:%91%22background_color%22%93}\"][et_pb_row _builder_version=\"4.24.0\" _module_preset=\"default\" global_colors_info=\"{}\"][et_pb_column type=\"4_4\" _builder_version=\"4.24.0\" _module_preset=\"default\" global_colors_info=\"{}\"][et_pb_text _builder_version=\"4.24.1\" _module_preset=\"default\" header_3_font=\"Lobster||||||||\" header_3_text_align=\"center\" header_3_text_color=\"#000000\" header_3_font_size=\"48px\" global_colors_info=\"{}\"]<\/p><h3 class=\"span2\">Crazy Times Records<\/h3><p>[\/et_pb_text][et_pb_text _builder_version=\"4.24.1\" _module_preset=\"default\" header_3_font=\"Lobster||||||||\" header_3_text_align=\"justify\" header_3_text_color=\"#000000\" header_3_font_size=\"20px\" header_3_line_height=\"1.3em\" global_colors_info=\"{}\"]<\/p><h3 class=\"span2\">Label fran\u00e7ais ind\u00e9pendant depuis 2008, Crazy Times Records vous apportera le meilleur son dont vous puissiez r\u00eaver. Avec l'aide et le soutien d'artistes et de groupes : Nico Duportal, Jack Face & the Rustic Echoes, The Boppin' Gliesers, Pete and the Starphonics, Al Willis & The New Swingsters, The King Baker's Combo, Las Vargas, The Bonneville Barons, The Rockhouse Trio, The Noisy Boys, The Atomics, The Tawny Owls, The Rockin' James Trio, The Grizzly Family, Little Bastard, etc.<\/h3><p>[\/et_pb_text][et_pb_shop type=\"product_category\" posts_number=\"15\" show_pagination=\"on\" include_categories=\"827\" columns_number=\"5\" icon_hover_color=\"#FFFFFF\" hover_overlay_color=\"rgba(119,37,0,0.75)\" _builder_version=\"4.24.1\" _module_preset=\"default\" title_font=\"|600|||||||\" title_text_align=\"center\" title_text_color=\"#000000\" title_line_height=\"1.3em\" price_font=\"|600|||||||\" price_text_align=\"center\" price_text_color=\"gcid-e73d9f5d-3f46-41e8-baf5-c4b8d8711414\" price_font_size=\"16px\" price_line_height=\"10px\" sale_badge_font=\"|700|||||||\" sale_badge_font_size=\"14px\" text_orientation=\"left\" hover_enabled=\"0\" border_width_all_image=\"3px\" border_color_all_image=\"#FFFFFF\" border_radii_sale_badge=\"on|0px|0px|0px|0px\" border_width_all_sale_badge=\"0px\" border_color_all_sale_badge=\"#FFFFFF\" box_shadow_style_image=\"preset1\" global_colors_info=\"{%22gcid-e73d9f5d-3f46-41e8-baf5-c4b8d8711414%22:%91%22price_text_color%22%93}\" sticky_enabled=\"0\"][\/et_pb_shop][\/et_pb_column][\/et_pb_row][\/et_pb_section]<\/p>","_et_gb_content_width":"","_monsterinsights_skip_tracking":false,"_monsterinsights_sitenote_active":false,"_monsterinsights_sitenote_note":"","_monsterinsights_sitenote_category":0,"_price":"","_stock":"","_tribe_ticket_header":"","_tribe_default_ticket_provider":"","_ticket_start_date":"","_ticket_end_date":"","_tribe_ticket_show_description":"","_tribe_ticket_show_not_going":false,"_tribe_ticket_use_global_stock":"","_tribe_ticket_global_stock_level":"","_global_stock_mode":"","_global_stock_cap":"","_tribe_rsvp_for_event":"","_tribe_ticket_going_count":"","_tribe_ticket_not_going_count":"","_tribe_tickets_list":"[]","_tribe_ticket_has_attendee_info_fields":false,"footnotes":"","_tec_slr_enabled":"","_tec_slr_layout":""},"class_list":["post-20831","page","type-page","status-publish","hentry"],"ticketed":false,"_links":{"self":[{"href":"https:\/\/crazytimesmusic.com\/en\/wp-json\/wp\/v2\/pages\/20831","targetHints":{"allow":["GET"]}}],"collection":[{"href":"https:\/\/crazytimesmusic.com\/en\/wp-json\/wp\/v2\/pages"}],"about":[{"href":"https:\/\/crazytimesmusic.com\/en\/wp-json\/wp\/v2\/types\/page"}],"author":[{"embeddable":true,"href":"https:\/\/crazytimesmusic.com\/en\/wp-json\/wp\/v2\/users\/753"}],"replies":[{"embeddable":true,"href":"https:\/\/crazytimesmusic.com\/en\/wp-json\/wp\/v2\/comments?post=20831"}],"version-history":[{"count":4,"href":"https:\/\/crazytimesmusic.com\/en\/wp-json\/wp\/v2\/pages\/20831\/revisions"}],"predecessor-version":[{"id":27855,"href":"https:\/\/crazytimesmusic.com\/en\/wp-json\/wp\/v2\/pages\/20831\/revisions\/27855"}],"wp:attachment":[{"href":"https:\/\/crazytimesmusic.com\/en\/wp-json\/wp\/v2\/media?parent=20831"}],"curies":[{"name":"wp","href":"https:\/\/api.w.org\/{rel}","templated":true}]}}