{"id":20854,"date":"2024-03-27T11:27:33","date_gmt":"2024-03-27T10:27:33","guid":{"rendered":"https:\/\/crazytimesmusic.com\/?page_id=20854"},"modified":"2024-05-05T16:21:19","modified_gmt":"2024-05-05T14:21:19","slug":"memorabilia-gb","status":"publish","type":"page","link":"https:\/\/crazytimesmusic.com\/en\/memorabilia-gb\/","title":{"rendered":"Memorabilia GB"},"content":{"rendered":"<p>[et_pb_section fb_built=&#8221;1&#8243; fullwidth=&#8221;on&#8221; _builder_version=&#8221;4.24.1&#8243; _module_preset=&#8221;default&#8221; bottom_divider_style=&#8221;curve2&#8243; bottom_divider_color=&#8221;gcid-81858621-84b1-4406-a911-2778613483aa&#8221; global_colors_info=&#8221;{%22gcid-81858621-84b1-4406-a911-2778613483aa%22:%91%22bottom_divider_color%22%93}&#8221;][et_pb_fullwidth_header title=&#8221;Memorabilia&#8221; text_orientation=&#8221;center&#8221; header_image_url=&#8221;https:\/\/new.crazytimesmusic.fr\/wp-content\/uploads\/2024\/02\/crazytimesrecords.png&#8221; _builder_version=&#8221;4.24.3&#8243; _module_preset=&#8221;default&#8221; title_font=&#8221;Lobster|700|||||||&#8221; title_text_color=&#8221;gcid-81858621-84b1-4406-a911-2778613483aa&#8221; title_font_size=&#8221;66px&#8221; background_enable_color=&#8221;off&#8221; use_background_color_gradient=&#8221;on&#8221; background_color_gradient_stops=&#8221;#b6472b 0%|#e4dfc3 100%&#8221; background_image=&#8221;https:\/\/crazytimesmusic.com\/wp-content\/uploads\/2024\/03\/crazytimesrecords-memorabilia-1.jpg&#8221; background_size=&#8221;initial&#8221; background_blend=&#8221;multiply&#8221; min_height=&#8221;400px&#8221; custom_padding=&#8221;7vw||7vw||true|false&#8221; global_colors_info=&#8221;{%22gcid-81858621-84b1-4406-a911-2778613483aa%22:%91%22title_text_color%22%93}&#8221;][\/et_pb_fullwidth_header][\/et_pb_section][et_pb_section fb_built=&#8221;1&#8243; _builder_version=&#8221;4.24.1&#8243; _module_preset=&#8221;default&#8221; background_color=&#8221;gcid-81858621-84b1-4406-a911-2778613483aa&#8221; custom_padding=&#8221;7px|||||&#8221; global_colors_info=&#8221;{%22gcid-81858621-84b1-4406-a911-2778613483aa%22:%91%22background_color%22%93}&#8221;][et_pb_row _builder_version=&#8221;4.24.0&#8243; _module_preset=&#8221;default&#8221; global_colors_info=&#8221;{}&#8221;][et_pb_column type=&#8221;4_4&#8243; _builder_version=&#8221;4.24.0&#8243; _module_preset=&#8221;default&#8221; global_colors_info=&#8221;{}&#8221;][et_pb_text _builder_version=&#8221;4.24.3&#8243; _module_preset=&#8221;default&#8221; header_3_font=&#8221;Lobster||||||||&#8221; header_3_text_align=&#8221;justify&#8221; header_3_text_color=&#8221;#000000&#8243; header_3_font_size=&#8221;20px&#8221; header_3_line_height=&#8221;1.3em&#8221; custom_margin=&#8221;40px||||false|false&#8221; global_colors_info=&#8221;{}&#8221;]<\/p>\n<h3 class=\"span2\">Immerse yourself in the golden age of rock&#8217;n&#8217;roll with Crazy Times Music, where we celebrate rockabilly culture with a unique collection of memorabilia. Discover treasures such as vintage concert posters, DVDs and VHS capturing legendary moments on stage or on television, and rare books and magazines that tell the vibrant history of rock &#8216;n&#8217; roll. Our store is the ideal sanctuary for collectors and enthusiasts wanting to relive the energy and rebellious spirit of country and rockabilly.<\/h3>\n<p>[\/et_pb_text][\/et_pb_column][\/et_pb_row][et_pb_row column_structure=&#8221;1_4,3_4&#8243; _builder_version=&#8221;4.24.0&#8243; _module_preset=&#8221;default&#8221; global_colors_info=&#8221;{}&#8221;][et_pb_column type=&#8221;1_4&#8243; _builder_version=&#8221;4.24.0&#8243; _module_preset=&#8221;default&#8221; global_colors_info=&#8221;{}&#8221;][et_pb_code _builder_version=&#8221;4.24.2&#8243; _module_preset=&#8221;default&#8221; custom_padding=&#8221;5px|5px|5px|5px|true|true&#8221; border_radii=&#8221;on|6px|6px|6px|6px&#8221; border_width_all=&#8221;3px&#8221; border_color_all=&#8221;gcid-14e3b4c0-1906-468b-ac7b-1a2c5fa3661e&#8221; box_shadow_style=&#8221;preset1&#8243; global_colors_info=&#8221;{%22gcid-14e3b4c0-1906-468b-ac7b-1a2c5fa3661e%22:%91%22border_color_all%22%93}&#8221;]        <form\n\t\t\tdata-post-id=\"20854\"\n\t\t\tdata-slug=\"filtre_sur_memorabilia\"\n\t\t\taction=\"https:\/\/crazytimesmusic.com\/en\/the-store\/\"\n\t\t\tdata-shop=\"https:\/\/crazytimesmusic.com\/en\/the-store\/\"\n\t\t\tmethod=\"get\"\n\t\t\tclass=\"wpf_form wpf_form_filtre_sur_memorabilia\"\n\t\t\tstyle=\"visibility: hidden;\"\n\t\t\tdata-infinitybuffer=\"300\"\n\t\t>\n            <input type=\"hidden\" name=\"wpf\" value=\"filtre_sur_memorabilia\" \/>\n\t\t\t<input type=\"hidden\" name=\"orderby\" value=\"\" \/>\n\t\t\t<input type=\"hidden\" name=\"wpf_cols\" value=\"\" \/>\n\t\t\t<input type=\"hidden\" name=\"wpf_page\" value=\"1\" \/>\n\t\t\t                        <div class=\"wpf_items_wrapper wpf_layout_vertical wpf_items_grouped\">\n                                                                                                                <div class=\"wpf_item wpf_item_submit\">\n                                                                                                <button type=\"submit\" class=\"wpf_search_button\">Search<\/button>\t\t\t\t\t\t\t\t\t                                                            <\/div>\n                                                                                                                                                            <div class=\"wpf_item wpf_item_pa_memorabilia\">\n                                                                    <div class=\"wpf_item_name\">Memorabilia<\/div>\n                                                                <div class=\"wpf_items_group\">                                <ul class=\"wpf_column_vertical\">\n                                                                                        \n                    \n                            <li class=\"wpf_pa_memorabilia_2338\">\n                                                                    <input  id=\"wpf_filtre_sur_memorabilia_2338\" type=\"checkbox\" name=\"wpf_memorabilia[]\" value=\"livres-en\" \/>\n                        <label                                 for=\"wpf_filtre_sur_memorabilia_2338\">\n                            Livres                                                    <\/label>\n                    \n                    <span class=\"wpf_item_count\">12<\/span>                                    <\/li>\n                                \n                            <li class=\"wpf_pa_memorabilia_2339\">\n                                                                    <input  id=\"wpf_filtre_sur_memorabilia_2339\" type=\"checkbox\" name=\"wpf_memorabilia[]\" value=\"revues-et-magazines-en\" \/>\n                        <label                                 for=\"wpf_filtre_sur_memorabilia_2339\">\n                            Revues et Magazines                                                    <\/label>\n                    \n                    <span class=\"wpf_item_count\">41<\/span>                                    <\/li>\n                                                                                                            <\/ul>\t\t\t\t\t\t\t\t\t                                <\/div>                            <\/div>\n                                                                                                                                                            <div class=\"wpf_item wpf_item_price\">\n                                                                    <div class=\"wpf_item_name\">Price<\/div>\n                                                                <div class=\"wpf_items_group\">                                <div data-max=\"300\" data-min=\"2\" data-step=\"0.1\" class=\"wpf_slider\"><\/div>\n\t\t\t\t\t<div class=\"wpf-slider-label\">\n\t\t\t\t\t\t<span class=\"woocommerce-Price-amount amount\"><bdi><span class=\"wpf-price-min\">2<\/span>&nbsp;<span class=\"woocommerce-Price-currencySymbol\">&euro;<\/span><\/bdi><\/span>\t\t\t\t\t\t-\n\t\t\t\t\t\t<span class=\"woocommerce-Price-amount amount\"><bdi><span class=\"wpf-price-max\">300<\/span>&nbsp;<span class=\"woocommerce-Price-currencySymbol\">&euro;<\/span><\/bdi><\/span>\t\t\t\t\t<\/div>\n\t\t\t\t\t<input type=\"hidden\" name=\"wpf_price-from\" value=\"\" class=\"wpf_price_from\" \/>\n\t\t\t\t\t<input type=\"hidden\" name=\"wpf_price-to\" value=\"\" class=\"wpf_price_to\" \/>\t\t\t\t\t\t\t\t\t                                <\/div>                            <\/div>\n                                                                        <\/div>\n                            <div class=\"wpf_reset_btn\"><input type=\"reset\" value=\"Reset\"\/><\/div>\n            \n\t\t\t<div class=\"wpf-no-products-found\" style=\"display: none;\">\n\t\t\t\t<p class=\"woocommerce-info\">Aucun produit n\\\\\\\\\\\\\\\\\\\\\\\\\\\\\\&#039;a \u00e9t\u00e9 trouv\u00e9 dans votre s\u00e9lection<\/p>\n\t\t\t<\/div>\n        <\/form>\n        [\/et_pb_code][\/et_pb_column][et_pb_column type=&#8221;3_4&#8243; _builder_version=&#8221;4.24.0&#8243; _module_preset=&#8221;default&#8221; global_colors_info=&#8221;{}&#8221;][et_pb_shop type=&#8221;product_category&#8221; posts_number=&#8221;15&#8243; show_pagination=&#8221;on&#8221; include_categories=&#8221;49,803,839,840,48,50,804,810&#8243; columns_number=&#8221;5&#8243; orderby=&#8221;menu_order&#8221; icon_hover_color=&#8221;#FFFFFF&#8221; hover_overlay_color=&#8221;rgba(119,37,0,0.75)&#8221; _builder_version=&#8221;4.24.2&#8243; _module_preset=&#8221;default&#8221; title_font=&#8221;|600|||||||&#8221; title_text_align=&#8221;center&#8221; title_text_color=&#8221;#000000&#8243; title_line_height=&#8221;1.3em&#8221; price_font=&#8221;|600|||||||&#8221; price_text_align=&#8221;center&#8221; price_text_color=&#8221;gcid-e73d9f5d-3f46-41e8-baf5-c4b8d8711414&#8243; price_font_size=&#8221;16px&#8221; price_line_height=&#8221;10px&#8221; sale_badge_font=&#8221;|700|||||||&#8221; sale_badge_font_size=&#8221;14px&#8221; text_orientation=&#8221;left&#8221; border_width_all_image=&#8221;3px&#8221; border_color_all_image=&#8221;#FFFFFF&#8221; border_radii_sale_badge=&#8221;on|0px|0px|0px|0px&#8221; border_width_all_sale_badge=&#8221;0px&#8221; border_color_all_sale_badge=&#8221;#FFFFFF&#8221; box_shadow_style_image=&#8221;preset1&#8243; global_colors_info=&#8221;{%22gcid-e73d9f5d-3f46-41e8-baf5-c4b8d8711414%22:%91%22price_text_color%22%93}&#8221;][\/et_pb_shop][\/et_pb_column][\/et_pb_row][\/et_pb_section]<\/p>\n","protected":false},"excerpt":{"rendered":"<p>Immerse yourself in the golden age of rock&#8217;n&#8217;roll with Crazy Times Music, where we celebrate rockabilly culture with a unique collection of memorabilia. Discover treasures such as vintage concert posters, DVDs and VHS capturing legendary moments on stage or on television, and rare books and magazines that tell the vibrant history of rock &#8216;n&#8217; roll. Our store is the ideal sanctuary for collectors and enthusiasts wanting to relive the energy and rebellious spirit of country and rockabilly.        <form\n\t\t\tdata-post-id=\"20854\"\n\t\t\tdata-slug=\"filtre_sur_memorabilia\"\n\t\t\taction=\"https:\/\/crazytimesmusic.com\/en\/the-store\/\"\n\t\t\tdata-shop=\"https:\/\/crazytimesmusic.com\/en\/the-store\/\"\n\t\t\tmethod=\"get\"\n\t\t\tclass=\"wpf_form wpf_form_filtre_sur_memorabilia\"\n\t\t\tstyle=\"visibility: hidden;\"\n\t\t\tdata-infinitybuffer=\"300\"\n\t\t>\n            <input type=\"hidden\" name=\"wpf\" value=\"filtre_sur_memorabilia\" \/>\n\t\t\t<input type=\"hidden\" name=\"orderby\" value=\"\" \/>\n\t\t\t<input type=\"hidden\" name=\"wpf_cols\" value=\"\" \/>\n\t\t\t<input type=\"hidden\" name=\"wpf_page\" value=\"1\" \/>\n\t\t\t                        <div class=\"wpf_items_wrapper wpf_layout_vertical wpf_items_grouped\">\n                                                                                                                <div class=\"wpf_item wpf_item_submit\">\n                                                                                                <button type=\"submit\" class=\"wpf_search_button\">Search<\/button>\t\t\t\t\t\t\t\t\t                                                            <\/div>\n                                                                                                                                                            <div class=\"wpf_item wpf_item_pa_memorabilia\">\n                                                                    <div class=\"wpf_item_name\">Memorabilia<\/div>\n                                                                <div class=\"wpf_items_group\">                                <ul class=\"wpf_column_vertical\">\n                                                                                        \n                    \n                            <li class=\"wpf_pa_memorabilia_2338\">\n                                                                    <input  id=\"wpf_filtre_sur_memorabilia_2338\" type=\"checkbox\" name=\"wpf_memorabilia[]\" value=\"livres-en\" \/>\n                        <label                                 for=\"wpf_filtre_sur_memorabilia_2338\">\n                            Livres                                                    <\/label>\n                    \n                    <span class=\"wpf_item_count\">12<\/span>                                    <\/li>\n                                \n                            <li class=\"wpf_pa_memorabilia_2339\">\n                                                                    <input  id=\"wpf_filtre_sur_memorabilia_2339\" type=\"checkbox\" name=\"wpf_memorabilia[]\" value=\"revues-et-magazines-en\" \/>\n                        <label                                 for=\"wpf_filtre_sur_memorabilia_2339\">\n                            Revues et Magazines                                                    <\/label>\n                    \n                    <span class=\"wpf_item_count\">41<\/span>                                    <\/li>\n                                                                                                            <\/ul>\t\t\t\t\t\t\t\t\t                                <\/div>                            <\/div>\n                                                                                                                                                            <div class=\"wpf_item wpf_item_price\">\n                                                                    <div class=\"wpf_item_name\">Price<\/div>\n                                                                <div class=\"wpf_items_group\">                                <div data-max=\"300\" data-min=\"2\" data-step=\"0.1\" class=\"wpf_slider\"><\/div>\n\t\t\t\t\t<div class=\"wpf-slider-label\">\n\t\t\t\t\t\t<span class=\"woocommerce-Price-amount amount\"><bdi><span class=\"wpf-price-min\">2<\/span>&nbsp;<span class=\"woocommerce-Price-currencySymbol\">&euro;<\/span><\/bdi><\/span>\t\t\t\t\t\t-\n\t\t\t\t\t\t<span class=\"woocommerce-Price-amount amount\"><bdi><span class=\"wpf-price-max\">300<\/span>&nbsp;<span class=\"woocommerce-Price-currencySymbol\">&euro;<\/span><\/bdi><\/span>\t\t\t\t\t<\/div>\n\t\t\t\t\t<input type=\"hidden\" name=\"wpf_price-from\" value=\"\" class=\"wpf_price_from\" \/>\n\t\t\t\t\t<input type=\"hidden\" name=\"wpf_price-to\" value=\"\" class=\"wpf_price_to\" \/>\t\t\t\t\t\t\t\t\t                                <\/div>                            <\/div>\n                                                                        <\/div>\n                            <div class=\"wpf_reset_btn\"><input type=\"reset\" value=\"Reset\"\/><\/div>\n            \n\t\t\t<div class=\"wpf-no-products-found\" style=\"display: none;\">\n\t\t\t\t<p class=\"woocommerce-info\">Aucun produit n\\\\\\\\\\\\\\\\\\\\\\\\\\\\\\&#039;a \u00e9t\u00e9 trouv\u00e9 dans votre s\u00e9lection<\/p>\n\t\t\t<\/div>\n        <\/form>\n        <\/p>\n","protected":false},"author":753,"featured_media":0,"parent":0,"menu_order":0,"comment_status":"closed","ping_status":"closed","template":"","meta":{"_et_pb_use_builder":"on","_et_pb_old_content":"<p>[et_pb_section fb_built=\"1\" fullwidth=\"on\" _builder_version=\"4.24.1\" _module_preset=\"default\" bottom_divider_style=\"curve2\" bottom_divider_color=\"gcid-81858621-84b1-4406-a911-2778613483aa\" global_colors_info=\"{%22gcid-81858621-84b1-4406-a911-2778613483aa%22:%91%22bottom_divider_color%22%93}\"][et_pb_fullwidth_header title=\"La Boutique\" text_orientation=\"center\" header_image_url=\"https:\/\/new.crazytimesmusic.fr\/wp-content\/uploads\/2024\/02\/logo-CTM.png\" _builder_version=\"4.24.1\" _module_preset=\"default\" title_font=\"Lobster|700|||||||\" title_text_color=\"gcid-81858621-84b1-4406-a911-2778613483aa\" title_font_size=\"48px\" background_color=\"#b6472b\" use_background_color_gradient=\"on\" background_color_gradient_stops=\"#b6472b 0%|#e4dfc3 100%\" background_image=\"https:\/\/new.crazytimesmusic.fr\/wp-content\/uploads\/2024\/02\/bannieres-crazytimesmusic-genevincent.jpg\" background_size=\"initial\" background_blend=\"multiply\" min_height=\"234px\" custom_padding=\"55px||53px|||\" global_colors_info=\"{%22gcid-81858621-84b1-4406-a911-2778613483aa%22:%91%22title_text_color%22%93}\"][\/et_pb_fullwidth_header][\/et_pb_section][et_pb_section fb_built=\"1\" _builder_version=\"4.24.1\" _module_preset=\"default\" background_color=\"gcid-81858621-84b1-4406-a911-2778613483aa\" custom_padding=\"32px||14px|||\" global_colors_info=\"{%22gcid-81858621-84b1-4406-a911-2778613483aa%22:%91%22background_color%22%93}\"][et_pb_row _builder_version=\"4.24.0\" _module_preset=\"default\" global_colors_info=\"{}\"][et_pb_column type=\"4_4\" _builder_version=\"4.24.0\" _module_preset=\"default\" global_colors_info=\"{}\"][et_pb_text _builder_version=\"4.24.1\" _module_preset=\"default\" header_3_font=\"Lobster||||||||\" header_3_text_align=\"center\" header_3_text_color=\"gcid-e73d9f5d-3f46-41e8-baf5-c4b8d8711414\" header_3_font_size=\"32px\" global_colors_info=\"{%22gcid-e73d9f5d-3f46-41e8-baf5-c4b8d8711414%22:%91%22header_3_text_color%22%93}\"]<\/p><h3 class=\"span2\">D\u00e9couvrez nos nouveaux disques !<\/h3><p>[\/et_pb_text][et_pb_shop type=\"latest\" posts_number=\"15\" show_pagination=\"on\" columns_number=\"5\" icon_hover_color=\"#FFFFFF\" hover_overlay_color=\"rgba(119,37,0,0.75)\" _builder_version=\"4.24.1\" _module_preset=\"default\" title_font=\"|600|||||||\" title_text_align=\"center\" title_text_color=\"#000000\" title_line_height=\"1.3em\" price_font=\"|600|||||||\" price_text_align=\"center\" price_text_color=\"gcid-e73d9f5d-3f46-41e8-baf5-c4b8d8711414\" price_font_size=\"16px\" price_line_height=\"10px\" sale_badge_font=\"|700|||||||\" sale_badge_font_size=\"14px\" text_orientation=\"left\" border_width_all_image=\"3px\" border_color_all_image=\"#FFFFFF\" border_radii_sale_badge=\"on|0px|0px|0px|0px\" border_width_all_sale_badge=\"0px\" border_color_all_sale_badge=\"#FFFFFF\" box_shadow_style_image=\"preset1\" global_colors_info=\"{%22gcid-e73d9f5d-3f46-41e8-baf5-c4b8d8711414%22:%91%22price_text_color%22%93}\"][\/et_pb_shop][\/et_pb_column][\/et_pb_row][\/et_pb_section][et_pb_section fb_built=\"1\" _builder_version=\"4.24.1\" _module_preset=\"default\" background_color=\"gcid-81858621-84b1-4406-a911-2778613483aa\" custom_padding=\"32px|||||\" global_colors_info=\"{%22gcid-81858621-84b1-4406-a911-2778613483aa%22:%91%22background_color%22%93}\"][et_pb_row _builder_version=\"4.24.0\" _module_preset=\"default\" global_colors_info=\"{}\"][et_pb_column type=\"4_4\" _builder_version=\"4.24.0\" _module_preset=\"default\" global_colors_info=\"{}\"][et_pb_text _builder_version=\"4.24.1\" _module_preset=\"default\" header_3_font=\"Lobster||||||||\" header_3_text_align=\"center\" header_3_text_color=\"#000000\" header_3_font_size=\"48px\" global_colors_info=\"{}\"]<\/p><h3 class=\"span2\">Crazy Times Records<\/h3><p>[\/et_pb_text][et_pb_text _builder_version=\"4.24.1\" _module_preset=\"default\" header_3_font=\"Lobster||||||||\" header_3_text_align=\"justify\" header_3_text_color=\"#000000\" header_3_font_size=\"20px\" header_3_line_height=\"1.3em\" global_colors_info=\"{}\"]<\/p><h3 class=\"span2\">Label fran\u00e7ais ind\u00e9pendant depuis 2008, Crazy Times Records vous apportera le meilleur son dont vous puissiez r\u00eaver. Avec l'aide et le soutien d'artistes et de groupes : Nico Duportal, Jack Face & the Rustic Echoes, The Boppin' Gliesers, Pete and the Starphonics, Al Willis & The New Swingsters, The King Baker's Combo, Las Vargas, The Bonneville Barons, The Rockhouse Trio, The Noisy Boys, The Atomics, The Tawny Owls, The Rockin' James Trio, The Grizzly Family, Little Bastard, etc.<\/h3><p>[\/et_pb_text][et_pb_shop type=\"product_category\" posts_number=\"15\" show_pagination=\"on\" include_categories=\"827\" columns_number=\"5\" icon_hover_color=\"#FFFFFF\" hover_overlay_color=\"rgba(119,37,0,0.75)\" _builder_version=\"4.24.1\" _module_preset=\"default\" title_font=\"|600|||||||\" title_text_align=\"center\" title_text_color=\"#000000\" title_line_height=\"1.3em\" price_font=\"|600|||||||\" price_text_align=\"center\" price_text_color=\"gcid-e73d9f5d-3f46-41e8-baf5-c4b8d8711414\" price_font_size=\"16px\" price_line_height=\"10px\" sale_badge_font=\"|700|||||||\" sale_badge_font_size=\"14px\" text_orientation=\"left\" hover_enabled=\"0\" border_width_all_image=\"3px\" border_color_all_image=\"#FFFFFF\" border_radii_sale_badge=\"on|0px|0px|0px|0px\" border_width_all_sale_badge=\"0px\" border_color_all_sale_badge=\"#FFFFFF\" box_shadow_style_image=\"preset1\" global_colors_info=\"{%22gcid-e73d9f5d-3f46-41e8-baf5-c4b8d8711414%22:%91%22price_text_color%22%93}\" sticky_enabled=\"0\"][\/et_pb_shop][\/et_pb_column][\/et_pb_row][\/et_pb_section]<\/p>","_et_gb_content_width":"","_monsterinsights_skip_tracking":false,"_monsterinsights_sitenote_active":false,"_monsterinsights_sitenote_note":"","_monsterinsights_sitenote_category":0,"_price":"","_stock":"","_tribe_ticket_header":"","_tribe_default_ticket_provider":"","_tribe_ticket_capacity":"0","_ticket_start_date":"","_ticket_end_date":"","_tribe_ticket_show_description":"","_tribe_ticket_show_not_going":false,"_tribe_ticket_use_global_stock":"","_tribe_ticket_global_stock_level":"","_global_stock_mode":"","_global_stock_cap":"","_tribe_rsvp_for_event":"","_tribe_ticket_going_count":"","_tribe_ticket_not_going_count":"","_tribe_tickets_list":"[]","_tribe_ticket_has_attendee_info_fields":false,"footnotes":"","_tec_slr_enabled":"","_tec_slr_layout":""},"class_list":["post-20854","page","type-page","status-publish","hentry"],"ticketed":false,"_links":{"self":[{"href":"https:\/\/crazytimesmusic.com\/en\/wp-json\/wp\/v2\/pages\/20854","targetHints":{"allow":["GET"]}}],"collection":[{"href":"https:\/\/crazytimesmusic.com\/en\/wp-json\/wp\/v2\/pages"}],"about":[{"href":"https:\/\/crazytimesmusic.com\/en\/wp-json\/wp\/v2\/types\/page"}],"author":[{"embeddable":true,"href":"https:\/\/crazytimesmusic.com\/en\/wp-json\/wp\/v2\/users\/753"}],"replies":[{"embeddable":true,"href":"https:\/\/crazytimesmusic.com\/en\/wp-json\/wp\/v2\/comments?post=20854"}],"version-history":[{"count":3,"href":"https:\/\/crazytimesmusic.com\/en\/wp-json\/wp\/v2\/pages\/20854\/revisions"}],"predecessor-version":[{"id":27859,"href":"https:\/\/crazytimesmusic.com\/en\/wp-json\/wp\/v2\/pages\/20854\/revisions\/27859"}],"wp:attachment":[{"href":"https:\/\/crazytimesmusic.com\/en\/wp-json\/wp\/v2\/media?parent=20854"}],"curies":[{"name":"wp","href":"https:\/\/api.w.org\/{rel}","templated":true}]}}