{"id":28182,"date":"2024-05-31T19:44:37","date_gmt":"2024-05-31T17:44:37","guid":{"rendered":"https:\/\/crazytimesmusic.com\/terms-of-use\/"},"modified":"2024-05-31T20:08:42","modified_gmt":"2024-05-31T18:08:42","slug":"terms-of-use","status":"publish","type":"page","link":"https:\/\/crazytimesmusic.com\/en\/terms-of-use\/","title":{"rendered":"Terms of use"},"content":{"rendered":"<p>[et_pb_section fb_built=&#8221;1&#8243; admin_label=&#8221;section&#8221; _builder_version=&#8221;4.16&#8243; global_colors_info=&#8221;{}&#8221;][et_pb_row admin_label=&#8221;row&#8221; _builder_version=&#8221;4.16&#8243; background_size=&#8221;initial&#8221; background_position=&#8221;top_left&#8221; background_repeat=&#8221;repeat&#8221; global_colors_info=&#8221;{}&#8221;][et_pb_column type=&#8221;4_4&#8243; _builder_version=&#8221;4.16&#8243; custom_padding=&#8221;|||&#8221; global_colors_info=&#8221;{}&#8221; custom_padding__hover=&#8221;|||&#8221;][et_pb_text admin_label=&#8221;Text&#8221; _builder_version=&#8221;4.25.1&#8243; background_size=&#8221;initial&#8221; background_position=&#8221;top_left&#8221; background_repeat=&#8221;repeat&#8221; global_colors_info=&#8221;{}&#8221;]<\/p>\n<h2><span><b>Legal notices of the crazytimesmusic.com website<\/b><\/span><\/h2>\n<p><span><b><\/b><\/span><\/p>\n<p><span><b>CREDITS<\/b><\/span><\/p>\n<p><span><b>Contents<\/b><\/span><\/p>\n<p><span><b>Texts and documents :<\/b> The texts on this site are written by Crazy Times Records, owner of crazytimesmusic.com. However, we do not guarantee that it is free from defects, errors or omissions, technical inaccessibility or falsification of content. <\/span><\/p>\n<p><span><b>Photos :<\/b><\/span><\/p>\n<div class=\"page\" title=\"Page 5\">\n<div class=\"section\">\n<div class=\"layoutArea\">\n<div class=\"column\">\n<p><span>Crazy Times Records, Unsplash<\/span><\/p>\n<\/div>\n<\/div>\n<\/div>\n<\/div>\n<p><span>Les objets publi\u00e9s le sont avec l\u2019aimable autorisation des propri\u00e9taires ou d\u00e9positaires. <\/span><\/p>\n<p><span><b>Design et d\u00e9veloppement <\/b><\/span><\/p>\n<p><span>Pimento &#8211; 6, rue de la Poste &#8211; 69340 Francheville<\/span><br \/><span>Site web : www.pimento.pro<\/span><br \/><span>Email : estreiff@pimento.pro<\/span><\/p>\n<p><span><b>Content management tool :<\/b><\/span><\/p>\n<p><span>WordPress<\/span><\/p>\n<p><span><b>Standards compliance<\/b><\/span><\/p>\n<p><span>In compliance with the French law of February 11, 2005 (&#8220;loi handicap&#8221;), our site complies with the WAI standard and the XHTML 1.0 and CSS 2 standards of the W3C (World Wide Web Consortium).<\/span><\/p>\n<p>&nbsp;<\/p>\n<p><span><b>LEGAL INFORMATION<\/b><\/span><\/p>\n<p><span><b>Publisher <\/b><\/span><\/p>\n<p><span>This site is the property of <\/span>Crazy Times Records<\/p>\n<div class=\"page\" title=\"Page 5\">\n<div class=\"section\">\n<div class=\"layoutArea\">\n<div class=\"column\">\n<p><span>Crazy Times Records <\/span><br \/>4, rue d&#8217;Occitanie<br \/>11300 C\u00e9pie<\/p>\n<p><span>tel. 04 68 31 30 26<\/span><\/p>\n<\/div>\n<\/div>\n<\/div>\n<\/div>\n<p><span>For any information relating to the operation or use of this site, please contact us: <\/span><\/p>\n<p><span>By e-mail to :<\/span><\/p>\n<div class=\"page\" title=\"Page 5\">\n<div class=\"section\">\n<div class=\"layoutArea\">\n<div class=\"column\">\n<p>pierre@crazytimesmusic.com<\/p>\n<\/div>\n<\/div>\n<\/div>\n<\/div>\n<p><span>By post:<\/span><\/p>\n<p><span>Crazy Times Records <\/span><br \/>4, rue d&#8217;Occitanie<br \/>11300 C\u00e9pie<\/p>\n<p>&nbsp;<\/p>\n<p><span><b>Publishing Director<\/b><\/span><\/p>\n<p><span>Pierre MAMAN<\/span><\/p>\n<p>&nbsp;<\/p>\n<p><span><b>Webmaster<\/b><\/span><\/p>\n<p><span>Emmanuel Streiff (Pimento agency)<\/span><\/p>\n<p>&nbsp;<\/p>\n<p><span><b>Host <\/b><\/span><\/p>\n<p><span>IONOS<b><br \/><\/b><\/span><\/p>\n<p><span><\/span><\/p>\n<p><span><b>crazytimesmusic.com terms and conditions of use<\/b><\/span><\/p>\n<p>&nbsp;<\/p>\n<p><span><b>I &#8211; Intellectual property<\/b><\/span><\/p>\n<p><span>In accordance with article <a href=\"https:\/\/www.legifrance.gouv.fr\/affichCodeArticle.do?cidTexte=LEGITEXT000006069414&amp;idArticle=LEGIARTI000006278911\">L.122-4 of the French Intellectual Property Code<\/a>, all texts, illustrations, photographs, drawings, animations, videos and sounds contained on this site may not be used or reproduced without the publisher&#8217;s authorization.<\/span><\/p>\n<p><span>For all requests to reproduce or use elements contained on this site, please contact CRAZY TIMES RECORDS on 04 68 31 30 26 or send an e-mail to: pierre@crazytimesmusic.com<\/span><\/p>\n<p><span>CRAZY TIMES RECORDS authorizes third-party websites to set up hypertext links to the home page or any other page of the www.nansca.fr website.<b> <\/b>This does not apply to sites containing content that is illicit, violent, polemical, pornographic, xenophobic or contrary to decency or public decency.<\/span><\/p>\n<p><span>Le site crazytimesmusic.com peut contenir des liens vers des sites internet exploit\u00e9s par des tiers.<\/span><\/p>\n<p><span>CRAZY TIMES RECORDS<\/span> does not manage or control in any way the information, products or services contained in these sites. These links are provided as a convenience to <b>crazytimesmusic.com <\/b>users and do not constitute an endorsement by CRAZY TIMES RECORDS.<\/p>\n<p><span>If, despite our vigilance, you notice illustrations that are not free and would like us to remove them, please contact us at the e-mail address of the site editor identified above. <\/span><\/p>\n<p>&nbsp;<\/p>\n<p><span><b>II &#8211; Liability of CRAZY TIMES RECORDS<\/b><\/span><\/p>\n<p><span>CRAZY TIMES RECORDS is responsible for all content appearing on the crazytimesmusic.com website in accordance with article <a href=\"https:\/\/www.legifrance.gouv.fr\/affichTexte.do?cidTexte=JORFTEXT000000880222\">L93.-3 of law no. 82-652 of July 29, 1982<\/a> its liability may be engaged in the event of the dissemination of inappropriate content or invasion of privacy.<\/span><\/p>\n<p><span>CRAZY TIMES RECORDS regularly checks the content and is entitled to make changes to information already published. It may also modify the legal notice at any time and without notice. <\/span><\/p>\n<p>&nbsp;<\/p>\n<p><span><b>III &#8211; Personal data<\/b><\/span><\/p>\n<p><span><b>Recueil de donn\u00e9es personnelles<\/b><\/span><\/p>\n<p><span>The collection of personal data is the result of a voluntary action on the part of the visitor, and the data collected will only be used to provide a response to information related to requests. Ce recueil se pr\u00e9sente sous forme d\u2019un e-formulaire de collecte. <\/span><\/p>\n<p>&nbsp;<\/p>\n<p><span><b>Contact <\/b>: <b>Link to the contact e-form <\/b> <\/span><\/p>\n<p><span>The data is transmitted via an e-form that can be entered directly on the site, hosted by IONOS and consultable by the departments concerned. <\/span><\/p>\n<p><span>CRAZY TIMES RECORDS s\u2019engage \u00e0 ne pas divulguer les informations concernant les utilisateurs. No files may be communicated for commercial purposes. Statistical processing may be carried out on non-personalized data. <\/span><\/p>\n<p><span>Processing is considered lawful when the data subject has consented to the processing and has been informed of its purpose(s). Namely, the processing is necessary for the performance of a task carried out in the public interest or in the exercise of official authority vested in the controller, or it arises from compliance with a legal obligation to which the controller is subject. (<a href=\"http:\/\/www.privacy-regulation.eu\/fr\/6.htm\">cf. article 6 du RGPD<\/a>)<\/span><\/p>\n<p><span>You have the right to access, rectify, modify and delete your personal data.<\/span><\/p>\n<p><span>To apply it, CRAZY TIMES RECORDS invites you to contact the Data Protection Officer (DPD\/DPO) directly:<\/span><\/p>\n<p><span>CRAZY TIMES RECORDS <\/span><br \/>4, rue d&#8217;Occitanie<br \/>11300 CEPIE<\/p>\n<p><span>The data controller is Pierre MAMAN<\/span><\/p>\n<p><span><b>A reminder:<\/b><\/span><\/p>\n<p><span>Aucune information personnelle n\u2019est collect\u00e9e \u00e0 votre insu.<br \/>Aucune information personnelle n\u2019est c\u00e9d\u00e9e \u00e0 des tiers.<\/span><\/p>\n<p>&nbsp;<\/p>\n<p><span><b>IV &#8211; Cookies<\/b><\/span><\/p>\n<p><span><b>What&#8217;s a cookie?<\/b><\/span><\/p>\n<p><span>C\u2019est un simple, c\u2019est un fichier qui est stock\u00e9 par votre navigateur (chrome, safari\u2026) lors d\u2019une premi\u00e8re visite sur un site internet. This file makes it possible to recognize the visitor on each visit, and to enable the visitor to take advantage of every site feature. By deactivating them, visitors may not have full access to the entire website. In other words, the file can under no circumstances contain a virus.<\/span><\/p>\n<p>&nbsp;<\/p>\n<p><span><b>From a legal point of view, how can I validate the collection of cookies?<\/b><\/span><\/p>\n<p><span>Europe has annotated the principle of consent to the collection and storage of user data (IP, connection time, etc.) with <a href=\"https:\/\/eur-lex.europa.eu\/legal-content\/FR\/TXT\/ELI\/?eliuri=eli:dir:2009:136:oj\">Directive 2009\/136\/EC<\/a>.<\/span><\/p>\n<p><span><a href=\"http:\/\/www.privacy-regulation.eu\/fr\/7.htm\">Article 7 of the RGPD<\/a>The data controller must demonstrate that the data subject has expressly notified his or her consent to the collection and storage of data, in a clear, comprehensible and easily accessible manner (validation to be carried out on the first visit to the City of Vienna website).<\/span><\/p>\n<p>&nbsp;<\/p>\n<p><span><b>Comment nous vous informons de cette collecte et du stockage ?<\/b><\/span><\/p>\n<p><span>On your first visit to www.franchcom.com, a banner informs you of the presence of these cookies and invites you to give your consent by clicking on &#8221; <b>set which allows you to validate the collection of cookies<\/b> &#8220;.<\/span><\/p>\n<p><span>On your second and subsequent visits, you will no longer see this banner, as the agreement has been recorded. <\/span><\/p>\n<p><span>To remove it, you need to disable cookies in your browser (see explanation below).<\/span><\/p>\n<p>&nbsp;<\/p>\n<p><span><b>How do I delete cookies (withdraw my consent)?<\/b><\/span><\/p>\n<p><span>In the same article <a href=\"http:\/\/www.privacy-regulation.eu\/fr\/7.htm\">(Article 7 of the RGPD<\/a>), the visitor can also withdraw consent, in this situation you can delete cookies, disabling them in the browser at any time :<\/span><\/p>\n<ul>\n<li><span><\/span><span>If you use &#8220;Chrome&#8221;: <a href=\"https:\/\/support.google.com\/chrome\/answer\/95647?hl=fr\">click here<\/a><\/span><\/li>\n<li><span><\/span><span>Vous utilisez \u00ab Internet Explorer \u00bb : <a href=\"https:\/\/support.microsoft.com\/fr-fr\/help\/17442\/windows-internet-explorer-delete-manage-cookies#ie=ie-11\">cliquer ici<\/a><\/span><\/li>\n<li><span><\/span><span>Vous utilisez \u00ab Firefox \u00bb : <a href=\"https:\/\/support.mozilla.org\/fr\/kb\/activer-desactiver-cookies-preferences?redirectlocale=fr&amp;redirectslug=activer-desactiver-cookies\">cliquer ici<\/a><\/span><\/li>\n<li><span><\/span><span>If you use Safari: <a href=\"https:\/\/www.apple.com\/legal\/privacy\/fr-ww\/cookies\/\">click here<\/a><\/span><\/li>\n<\/ul>\n<p><span>As a reminder, deactivating cookies may prevent certain functions (e.g. sharing an article on social networks) of the www.impvalley-rvrepro.fr website.<\/span><\/p>\n<p>&nbsp;<\/p>\n<p><span>The CNIL informs you about cookies: <a href=\"https:\/\/www.cnil.fr\/fr\/cookies-les-outils-pour-les-maitriser\">click here<\/a>.<\/span><\/p>\n<p>&nbsp;<\/p>\n<p>[\/et_pb_text][\/et_pb_column][\/et_pb_row][\/et_pb_section]<\/p>\n","protected":false},"excerpt":{"rendered":"<p>Legal notices of the crazytimesmusic.com website CREDITS Contents Texts and documents : The texts on this site are written by Crazy Times Records, owner of crazytimesmusic.com. However, we do not guarantee that it is free from defects, errors or omissions, technical inaccessibility or falsification of content. Photos : Crazy Times Records, Unsplash Les objets publi\u00e9s le sont avec l\u2019aimable autorisation des propri\u00e9taires ou d\u00e9positaires. Design et d\u00e9veloppement Pimento &#8211; 6, rue de la Poste &#8211; 69340 FranchevilleSite web : www.pimento.proEmail : estreiff@pimento.pro Content management tool : WordPress Standards compliance In compliance with the French law of February 11, 2005 (&#8220;loi handicap&#8221;), our site complies with the WAI standard and the XHTML 1.0 and CSS 2 standards of the W3C (World Wide Web Consortium). &nbsp; LEGAL INFORMATION Publisher This site is the property of Crazy Times Records Crazy Times Records 4, rue d&#8217;Occitanie11300 C\u00e9pie tel. 04 68 31 30 26 For any information relating to the operation or use of this site, please contact us: By e-mail to : pierre@crazytimesmusic.com By post: Crazy Times Records 4, rue d&#8217;Occitanie11300 C\u00e9pie &nbsp; Publishing Director Pierre MAMAN &nbsp; Webmaster Emmanuel Streiff (Pimento agency) &nbsp; Host IONOS crazytimesmusic.com terms and conditions of use &nbsp; I [&hellip;]<\/p>\n","protected":false},"author":753,"featured_media":0,"parent":0,"menu_order":0,"comment_status":"closed","ping_status":"closed","template":"","meta":{"_et_pb_use_builder":"on","_et_pb_old_content":"","_et_gb_content_width":"","_monsterinsights_skip_tracking":false,"_monsterinsights_sitenote_active":false,"_monsterinsights_sitenote_note":"","_monsterinsights_sitenote_category":0,"_price":"","_stock":"","_tribe_ticket_header":"","_tribe_default_ticket_provider":"","_ticket_start_date":"","_ticket_end_date":"","_tribe_ticket_show_description":"","_tribe_ticket_show_not_going":false,"_tribe_ticket_use_global_stock":"","_tribe_ticket_global_stock_level":"","_global_stock_mode":"","_global_stock_cap":"","_tribe_rsvp_for_event":"","_tribe_ticket_going_count":"","_tribe_ticket_not_going_count":"","_tribe_tickets_list":"[]","_tribe_ticket_has_attendee_info_fields":false,"footnotes":"","_tec_slr_enabled":"","_tec_slr_layout":""},"class_list":["post-28182","page","type-page","status-publish","hentry"],"ticketed":false,"_links":{"self":[{"href":"https:\/\/crazytimesmusic.com\/en\/wp-json\/wp\/v2\/pages\/28182","targetHints":{"allow":["GET"]}}],"collection":[{"href":"https:\/\/crazytimesmusic.com\/en\/wp-json\/wp\/v2\/pages"}],"about":[{"href":"https:\/\/crazytimesmusic.com\/en\/wp-json\/wp\/v2\/types\/page"}],"author":[{"embeddable":true,"href":"https:\/\/crazytimesmusic.com\/en\/wp-json\/wp\/v2\/users\/753"}],"replies":[{"embeddable":true,"href":"https:\/\/crazytimesmusic.com\/en\/wp-json\/wp\/v2\/comments?post=28182"}],"version-history":[{"count":3,"href":"https:\/\/crazytimesmusic.com\/en\/wp-json\/wp\/v2\/pages\/28182\/revisions"}],"predecessor-version":[{"id":28186,"href":"https:\/\/crazytimesmusic.com\/en\/wp-json\/wp\/v2\/pages\/28182\/revisions\/28186"}],"wp:attachment":[{"href":"https:\/\/crazytimesmusic.com\/en\/wp-json\/wp\/v2\/media?parent=28182"}],"curies":[{"name":"wp","href":"https:\/\/api.w.org\/{rel}","templated":true}]}}