{"id":30397,"date":"2024-07-14T02:29:39","date_gmt":"2024-07-14T00:29:39","guid":{"rendered":"https:\/\/crazytimesmusic.com\/produit\/lou-cifer-the-hellions-rockville-revelation-cd\/"},"modified":"2025-03-12T10:05:32","modified_gmt":"2025-03-12T09:05:32","slug":"lou-cifer-the-hellions-rockville-revelation-cd","status":"publish","type":"product","link":"https:\/\/crazytimesmusic.com\/en\/produit\/lou-cifer-the-hellions-rockville-revelation-cd\/","title":{"rendered":"Lou Cifer &#038; The Hellions &#8211; Rockville Revelation (CD)"},"content":{"rendered":"<p><strong>BCD 17590<\/strong><\/p>\n<p><strong>1 CD avec livret de 16 pages, 18 titres, 46 min<\/strong><br \/>\n<strong>1 CD With a 16 pages booklet , 18 tracks , 46 min<\/strong><\/p>\n<div><strong>\u2022 Lou Cifer &amp; The Hellions &#8211; l&#8217;un des groupes les plus populaires de la sc\u00e8ne Teddy Boy en Allemagne &#8211; maintenant sur Bear Family !<\/strong><\/div>\n<div><strong>\u2022 Sixi\u00e8me album du groupe de rock &#8216;n&#8217; roll de la r\u00e9gion de la Ruhr, la grande zone industrielle de l&#8217;Allemagne de l&#8217;Ouest, fond\u00e9 en 1995.<\/strong><\/div>\n<div><strong>\u2022 Dix-huit nouvelles chansons, toutes des compositions originales. Les textes complets sont reproduits dans le livret du CD.<\/strong><\/div>\n<div><strong>\u2022 Sortie CD avec livret &#8211; \u00e9galement disponible en vinyl LP 180 grammes de haute qualit\u00e9 !<\/strong><\/div>\n<p><strong>01 Dance With The Devil (mono)<\/strong><br \/>\n<strong> 02 Now You Do (mono)<\/strong><br \/>\n<strong> 03 Down Out And Restless (mono)<\/strong><br \/>\n<strong> 04 Don`t Tell Me You`re Busy (mono)<\/strong><br \/>\n<strong> 05 Cutie Judy (mono)<\/strong><br \/>\n<strong> 06 I Don`t Wanna Grow Up (mono)<\/strong><br \/>\n<strong> 07 Carl Is On The Radio (mono)<\/strong><br \/>\n<strong> 08 My Mama Don`t Rock (mono)<\/strong><br \/>\n<strong> 09 No Salvation (mono)<\/strong><br \/>\n<strong> 10 Full Moon And Empty Bottles (mono)<\/strong><br \/>\n<strong> 11 Killing Time (mono)<\/strong><br \/>\n<strong> 12 Three Times (mono)<\/strong><br \/>\n<strong> 13 Rockin The Brothel (mono)<\/strong><br \/>\n<strong> 14 I Don`t Belong Here (mono)<\/strong><br \/>\n<strong> 15 Rock With Lucy Fair (mono)<\/strong><br \/>\n<strong> 16 Workman (mono)<\/strong><br \/>\n<strong> 17 I`m Leavin (mono)<\/strong><br \/>\n<strong> 18 Revelation (mono)<\/strong><\/p>\n","protected":false},"excerpt":{"rendered":"<h1>Rockville Revelation<\/h1>\n","protected":false},"featured_media":24990,"template":"","meta":{"_et_pb_use_builder":"","_et_pb_old_content":"","_et_gb_content_width":"","_monsterinsights_skip_tracking":false,"_monsterinsights_sitenote_active":false,"_monsterinsights_sitenote_note":"","_monsterinsights_sitenote_category":0,"_price":"16","_stock":"1.000000","_tribe_ticket_header":"","_tribe_default_ticket_provider":"","_ticket_start_date":"","_ticket_end_date":"","_tribe_ticket_show_description":"","_tribe_ticket_show_not_going":false,"_tribe_ticket_use_global_stock":"","_tribe_ticket_global_stock_level":"","_global_stock_mode":"","_global_stock_cap":"","_tribe_rsvp_for_event":"","_tribe_ticket_going_count":"","_tribe_ticket_not_going_count":"","_tribe_tickets_list":"[]","_tribe_ticket_has_attendee_info_fields":false},"product_brand":[],"product_cat":[2450,2388,2326,2320,2323,2354],"product_tag":[],"class_list":{"0":"post-30397","1":"product","2":"type-product","3":"status-publish","4":"has-post-thumbnail","6":"product_cat-bear-family-records-en","7":"product_cat-cd-en","8":"product_cat-labels-en","9":"product_cat-records","10":"product_cat-styles-en","11":"product_cat-teddyboy-revival-en","12":"product_shipping_class-2330","13":"pa_artiste-lou-cifer-the-hellions-en","14":"pa_classement-alphabetique-k-l-en","15":"pa_condition-new-still-sealed-encore-scelle","16":"pa_format-cds-en","17":"pa_label-bear-family-records-en","18":"pa_style-musical-revival-neo-rockabilly-en","19":"pa_style-musical-teddy-boys-en","21":"first","22":"instock","23":"purchasable","24":"product-type-simple"},"_links":{"self":[{"href":"https:\/\/crazytimesmusic.com\/en\/wp-json\/wp\/v2\/product\/30397","targetHints":{"allow":["GET"]}}],"collection":[{"href":"https:\/\/crazytimesmusic.com\/en\/wp-json\/wp\/v2\/product"}],"about":[{"href":"https:\/\/crazytimesmusic.com\/en\/wp-json\/wp\/v2\/types\/product"}],"wp:featuredmedia":[{"embeddable":true,"href":"https:\/\/crazytimesmusic.com\/en\/wp-json\/wp\/v2\/media\/24990"}],"wp:attachment":[{"href":"https:\/\/crazytimesmusic.com\/en\/wp-json\/wp\/v2\/media?parent=30397"}],"wp:term":[{"taxonomy":"product_brand","embeddable":true,"href":"https:\/\/crazytimesmusic.com\/en\/wp-json\/wp\/v2\/product_brand?post=30397"},{"taxonomy":"product_cat","embeddable":true,"href":"https:\/\/crazytimesmusic.com\/en\/wp-json\/wp\/v2\/product_cat?post=30397"},{"taxonomy":"product_tag","embeddable":true,"href":"https:\/\/crazytimesmusic.com\/en\/wp-json\/wp\/v2\/product_tag?post=30397"}],"curies":[{"name":"wp","href":"https:\/\/api.w.org\/{rel}","templated":true}]}}