{"id":30538,"date":"2024-08-30T14:01:45","date_gmt":"2024-08-30T12:01:45","guid":{"rendered":"https:\/\/crazytimesmusic.com\/produit\/the-hicks-men-cd\/"},"modified":"2025-05-26T21:44:21","modified_gmt":"2025-05-26T19:44:21","slug":"the-hicks-men-cd-12-gut-scratchin-scorchers","status":"publish","type":"product","link":"https:\/\/crazytimesmusic.com\/en\/produit\/the-hicks-men-cd-12-gut-scratchin-scorchers\/","title":{"rendered":"The Hicks Men ( CD )12 Gut Scratchin&#8217; Scorchers !"},"content":{"rendered":"<p><strong><span class=\"x193iq5w xeuugli x13faqbe x1vvkbs x1xmvt09 x1lliihq x1s928wv xhkezso x1gmr53x x1cpjm7i x1fgarty x1943h6x xudqn12 x3x7a5m x6prxxf xvq8zen xo1l8bm xzsf02u x1yc453h\" dir=\"auto\"><a class=\"x1i10hfl xjbqb8w x6umtig x1b1mbwd xaqea5y xav7gou x9f619 x1ypdohk xt0psk2 xe8uvvx xdj266r x11i5rnm xat24cr x1mh8g0r xexx8yu x4uap5 x18d9i69 xkhd6sd x16tdsg8 x1hl2dhg xggy1nq x1a2a7pz xt0b8zv x1qq9wsj xo1l8bm\" tabindex=\"0\" href=\"https:\/\/www.facebook.com\/profile.php?id=100082724263108&amp;__cft__[0]=AZVHmf7Ql7GkLRfrKOP6rRr-ZS2A1Gqv86AUKBHMdVjFeFYtvpbqFDaC_7swKRlZt7I2pacQhC9ZL4aLDrcVb85kkFXJb38ISxHSUn8eNfX5pS54qDSOfdL01wcIf0jMRPg25Y4rYX2Qc6sfwJZF84y3zNP51vM52HOaBtIMxiv9qlKT61bSRTeJus5VFKQ0ezxZXB53PkYG1DUXPVLSJ0s2&amp;__tn__=-]K-y-R\"><span class=\"xt0psk2\">The Hicks Men<\/span><\/a>\u00a0 <\/span><br \/>\n<\/strong><\/p>\n<p><span style=\"color: #000000;\">2023- Auto-Production<\/span><\/p>\n<p><span style=\"color: #000000;\">Format: CD Pr\u00e9sent\u00e9 dans une pochette carton fa\u00e7on Mini-LP, <\/span><\/p>\n<p><span style=\"color: #000000;\">Tracklist<\/span><br \/>\n<span style=\"color: #000000;\"> Back Forty<\/span><br \/>\n<span style=\"color: #000000;\">Darlene<\/span><br \/>\n<span style=\"color: #000000;\">Skid row<\/span><br \/>\n<span style=\"color: #000000;\">Wooper snooper (instr)<\/span><br \/>\n<span style=\"color: #000000;\">My chicken pen<\/span><br \/>\n<span style=\"color: #000000;\">Don t you love me <\/span><br \/>\n<span style=\"color: #000000;\">The end of the Hunt<\/span><br \/>\n<span style=\"color: #000000;\">Louisiana gambler<\/span><br \/>\n<span style=\"color: #000000;\">Silence baby<\/span><br \/>\n<span style=\"color: #000000;\">Rollin&#8217; on<\/span><br \/>\n<span style=\"color: #000000;\">The world&#8217;s greatest blackout<\/span><br \/>\n<span style=\"color: #000000;\">Cotton pickin&#8217; (instr)<\/span><\/p>\n<p>&nbsp;<\/p>\n<p><iframe loading=\"lazy\" title=\"The Hicks Men &quot;live recording 2&quot;\" width=\"1080\" height=\"608\" src=\"https:\/\/www.youtube.com\/embed\/rJi8UOJHJzo?feature=oembed\"  allow=\"accelerometer; autoplay; clipboard-write; encrypted-media; gyroscope; picture-in-picture; web-share\" referrerpolicy=\"strict-origin-when-cross-origin\" allowfullscreen><\/iframe><\/p>\n","protected":false},"excerpt":{"rendered":"<h1>\u00a012 Gut Scratchin&#8217; Scorchers !<strong><span style=\"color: #000000;\"><span class=\"subheadline\"><br \/>\n<\/span><\/span><\/strong><\/h1>\n","protected":false},"featured_media":27381,"template":"","meta":{"_et_pb_use_builder":"","_et_pb_old_content":"","_et_gb_content_width":"","_monsterinsights_skip_tracking":false,"_monsterinsights_sitenote_active":false,"_monsterinsights_sitenote_note":"","_monsterinsights_sitenote_category":0,"_price":"10","_stock":"5.000000","_tribe_ticket_header":"","_tribe_default_ticket_provider":"","_ticket_start_date":"","_ticket_end_date":"","_tribe_ticket_show_description":"","_tribe_ticket_show_not_going":false,"_tribe_ticket_use_global_stock":"","_tribe_ticket_global_stock_level":"","_global_stock_mode":"","_global_stock_cap":"","_tribe_rsvp_for_event":"","_tribe_ticket_going_count":"","_tribe_ticket_not_going_count":"","_tribe_tickets_list":"[]","_tribe_ticket_has_attendee_info_fields":false},"product_brand":[],"product_cat":[2388,2326,2342,2320,2323],"product_tag":[],"class_list":{"0":"post-30538","1":"product","2":"type-product","3":"status-publish","4":"has-post-thumbnail","6":"product_cat-cd-en","7":"product_cat-labels-en","8":"product_cat-neo-rockabilly-en","9":"product_cat-records","10":"product_cat-styles-en","11":"product_shipping_class-2330","12":"pa_artiste-hicks-men-the-en","13":"pa_classement-alphabetique-g-h-en","14":"pa_classement-alphabetique-m-n-en","15":"pa_condition-new-still-sealed-encore-scelle","16":"pa_divers-made-in-france-en","17":"pa_format-cds-en","18":"pa_label-auto-prod-en","19":"pa_style-musical-country-en","20":"pa_style-musical-primitive-rockabilly-en","21":"pa_style-musical-rockabilly-rock-roll","23":"first","24":"instock","25":"purchasable","26":"product-type-simple"},"_links":{"self":[{"href":"https:\/\/crazytimesmusic.com\/en\/wp-json\/wp\/v2\/product\/30538","targetHints":{"allow":["GET"]}}],"collection":[{"href":"https:\/\/crazytimesmusic.com\/en\/wp-json\/wp\/v2\/product"}],"about":[{"href":"https:\/\/crazytimesmusic.com\/en\/wp-json\/wp\/v2\/types\/product"}],"wp:featuredmedia":[{"embeddable":true,"href":"https:\/\/crazytimesmusic.com\/en\/wp-json\/wp\/v2\/media\/27381"}],"wp:attachment":[{"href":"https:\/\/crazytimesmusic.com\/en\/wp-json\/wp\/v2\/media?parent=30538"}],"wp:term":[{"taxonomy":"product_brand","embeddable":true,"href":"https:\/\/crazytimesmusic.com\/en\/wp-json\/wp\/v2\/product_brand?post=30538"},{"taxonomy":"product_cat","embeddable":true,"href":"https:\/\/crazytimesmusic.com\/en\/wp-json\/wp\/v2\/product_cat?post=30538"},{"taxonomy":"product_tag","embeddable":true,"href":"https:\/\/crazytimesmusic.com\/en\/wp-json\/wp\/v2\/product_tag?post=30538"}],"curies":[{"name":"wp","href":"https:\/\/api.w.org\/{rel}","templated":true}]}}