{"id":31529,"date":"2025-11-26T18:49:52","date_gmt":"2025-11-26T17:49:52","guid":{"rendered":"https:\/\/crazytimesmusic.com\/?post_type=product&#038;p=31529"},"modified":"2025-12-11T16:57:58","modified_gmt":"2025-12-11T15:57:58","slug":"culture-rockabilly-1970-2010-livre-book","status":"publish","type":"product","link":"https:\/\/crazytimesmusic.com\/en\/produit\/culture-rockabilly-1970-2010-livre-book\/","title":{"rendered":"Culture Rockabilly 1970 &#8211; 2010 ( Livre \/ Book )"},"content":{"rendered":"<p><span style=\"color: #000000;\"><strong>LIVRE CULTURE ROCKABILLY 1970 &#8211; 2010<\/strong><\/span><br \/>\n<span style=\"color: #000000;\"><strong>Cet ouvrage fait d\u00e9couvrir la culture Rockabilly depuis le Revival des ann\u00e9es 70.<\/strong><\/span><br \/>\n<span style=\"color: #000000;\"><strong>La premi\u00e8re partie permet d\u2019avoir un aper\u00e7u de tous ces nouveaux groupes (ainsi que des anciens tels Charlie Feathers, \u2026) et des diff\u00e9rents styles : le Teddy Boy rock\u2019n\u2019roll, le N\u00e9o Rockabilly, le Rock\u2019n\u2019Roll et Rockabilly authentique, le Hillbilly Rock, le Jumpin\u2019 Jives, le Rockin\u2019 Blues\u2026<\/strong><\/span><br \/>\n<span style=\"color: #000000;\"><strong>Quant \u00e0 la deuxi\u00e8me partie, elle va montrer comment d\u00e9couvrir la culture et le look Rockabilly (festivals, revues, films, lieux mythiques, Cadillacs, Harleys\u2026)<\/strong><\/span><\/p>\n<p><span style=\"color: #000000;\"><strong>2012 &#8211; 160 pages<\/strong><\/span><\/p>\n<p><span style=\"color: #000000;\"><strong>Auteur : Vincent Giordano<\/strong><\/span><\/p>\n<p><span style=\"color: #000000;\"><strong>Langue\u00a0: Fran\u00e7ais<\/strong><\/span><\/p>\n<p>&nbsp;<\/p>\n<p>&nbsp;<\/p>\n<p>&nbsp;<\/p>\n<p>&nbsp;<\/p>\n<p>&nbsp;<\/p>\n","protected":false},"excerpt":{"rendered":"<h1>Culture Rockabilly 1970 &#8211; 2010<\/h1>\n","protected":false},"featured_media":31531,"template":"","meta":{"_et_pb_use_builder":"","_et_pb_old_content":"","_et_gb_content_width":"","_monsterinsights_skip_tracking":false,"_monsterinsights_sitenote_active":false,"_monsterinsights_sitenote_note":"","_monsterinsights_sitenote_category":0,"_price":"15","_stock":"5","_tribe_ticket_header":"","_tribe_default_ticket_provider":"","_ticket_start_date":"","_ticket_end_date":"","_tribe_ticket_show_description":"","_tribe_ticket_show_not_going":false,"_tribe_ticket_use_global_stock":"","_tribe_ticket_global_stock_level":"","_global_stock_mode":"","_global_stock_cap":"","_tribe_rsvp_for_event":"","_tribe_ticket_going_count":"","_tribe_ticket_not_going_count":"","_tribe_tickets_list":"[]","_tribe_ticket_has_attendee_info_fields":false},"product_brand":[],"product_cat":[2372,2333,2321,2323,2354],"product_tag":[],"class_list":{"0":"post-31529","1":"product","2":"type-product","3":"status-publish","4":"has-post-thumbnail","6":"product_cat-livres-en","7":"product_cat-memorabilia-en","8":"product_cat-rockabilly-rocknroll-50s-en","9":"product_cat-styles-en","10":"product_cat-teddyboy-revival-en","11":"product_shipping_class-10-and-12","12":"pa_condition-new-but-not-sealed-mais-pas-scelle-en","13":"pa_divers-made-in-france-en","15":"first","16":"instock","17":"featured","18":"purchasable","19":"product-type-simple"},"_links":{"self":[{"href":"https:\/\/crazytimesmusic.com\/en\/wp-json\/wp\/v2\/product\/31529","targetHints":{"allow":["GET"]}}],"collection":[{"href":"https:\/\/crazytimesmusic.com\/en\/wp-json\/wp\/v2\/product"}],"about":[{"href":"https:\/\/crazytimesmusic.com\/en\/wp-json\/wp\/v2\/types\/product"}],"wp:featuredmedia":[{"embeddable":true,"href":"https:\/\/crazytimesmusic.com\/en\/wp-json\/wp\/v2\/media\/31531"}],"wp:attachment":[{"href":"https:\/\/crazytimesmusic.com\/en\/wp-json\/wp\/v2\/media?parent=31529"}],"wp:term":[{"taxonomy":"product_brand","embeddable":true,"href":"https:\/\/crazytimesmusic.com\/en\/wp-json\/wp\/v2\/product_brand?post=31529"},{"taxonomy":"product_cat","embeddable":true,"href":"https:\/\/crazytimesmusic.com\/en\/wp-json\/wp\/v2\/product_cat?post=31529"},{"taxonomy":"product_tag","embeddable":true,"href":"https:\/\/crazytimesmusic.com\/en\/wp-json\/wp\/v2\/product_tag?post=31529"}],"curies":[{"name":"wp","href":"https:\/\/api.w.org\/{rel}","templated":true}]}}