{"id":31549,"date":"2024-11-26T19:46:42","date_gmt":"2024-11-26T18:46:42","guid":{"rendered":"https:\/\/crazytimesmusic.com\/?post_type=product&#038;p=31549"},"modified":"2025-12-28T18:52:58","modified_gmt":"2025-12-28T17:52:58","slug":"fifties-le-rhythmnblues-et-le-rocknroll-livre-book","status":"publish","type":"product","link":"https:\/\/crazytimesmusic.com\/en\/produit\/fifties-le-rhythmnblues-et-le-rocknroll-livre-book\/","title":{"rendered":"Fifties \u2013 Le Rhythm\u2019n\u2019blues Et le Rock\u2019n\u2019roll ( Livre \/ Book )"},"content":{"rendered":"<p><span style=\"color: #000000;\"><strong>FIFTIES \u2013 Le Rhythm\u2019n\u2019blues Et le Rock\u2019n\u2019roll \u2013<\/strong><\/span><br \/>\n<span style=\"color: #000000;\"><strong>Les ann\u00e9es 50 ont \u00e9t\u00e9 tr\u00e8s riches musicalement. Les artistes afro-am\u00e9ricains ou &#8220;rockers noirs&#8221; pr\u00e9sentaient une musique qui se rapprochait de celle avec laquelle ils avaient \u00e9t\u00e9 berc\u00e9s : le blues. Celle-ci \u00e9tait n\u00e9anmoins plus dynamique ! On la nommait Rhythm\u2019n\u2019blues ou carr\u00e9ment Rock\u2019n\u2019roll sur de nombreuses faces. Ce livre raconte donc l\u2019\u00e9pop\u00e9e du Rock\u2019n\u2019roll \u00e0 travers tous ces artistes.<\/strong><\/span><\/p>\n<p><span style=\"color: #000000;\"><strong>2023 &#8211; 144 pages<\/strong><\/span><\/p>\n<p><span style=\"color: #000000;\"><strong>Auteur : Vincent Giordano<\/strong><\/span><\/p>\n<p><span style=\"color: #000000;\"><strong>Langue\u00a0: Fran\u00e7ais<\/strong><\/span><\/p>\n<p>&nbsp;<\/p>\n<p>&nbsp;<\/p>\n<p>&nbsp;<\/p>\n<p>&nbsp;<\/p>\n<p>&nbsp;<\/p>\n","protected":false},"excerpt":{"rendered":"<h1>FIFTIES \u2013 Le Rhythm\u2019n\u2019blues Et le Rock\u2019n\u2019roll<\/h1>\n","protected":false},"featured_media":31551,"template":"","meta":{"_et_pb_use_builder":"","_et_pb_old_content":"","_et_gb_content_width":"","_monsterinsights_skip_tracking":false,"_monsterinsights_sitenote_active":false,"_monsterinsights_sitenote_note":"","_monsterinsights_sitenote_category":0,"_price":"30","_stock":"1","_tribe_ticket_header":"","_tribe_default_ticket_provider":"","_ticket_start_date":"","_ticket_end_date":"","_tribe_ticket_show_description":"","_tribe_ticket_show_not_going":false,"_tribe_ticket_use_global_stock":"","_tribe_ticket_global_stock_level":"","_global_stock_mode":"","_global_stock_cap":"","_tribe_rsvp_for_event":"","_tribe_ticket_going_count":"","_tribe_ticket_not_going_count":"","_tribe_tickets_list":"[]","_tribe_ticket_has_attendee_info_fields":false},"product_brand":[],"product_cat":[2700,2372,2333,2322,2321,2323],"product_tag":[],"class_list":{"0":"post-31549","1":"product","2":"type-product","3":"status-publish","4":"has-post-thumbnail","6":"product_cat-doo-wop-50s-60s-en","7":"product_cat-livres-en","8":"product_cat-memorabilia-en","9":"product_cat-rhythmnblues-en","10":"product_cat-rockabilly-rocknroll-50s-en","11":"product_cat-styles-en","12":"product_shipping_class-10-and-12","13":"pa_condition-new-but-not-sealed-mais-pas-scelle-en","14":"pa_divers-made-in-france-en","16":"first","17":"instock","18":"featured","19":"purchasable","20":"product-type-simple"},"_links":{"self":[{"href":"https:\/\/crazytimesmusic.com\/en\/wp-json\/wp\/v2\/product\/31549","targetHints":{"allow":["GET"]}}],"collection":[{"href":"https:\/\/crazytimesmusic.com\/en\/wp-json\/wp\/v2\/product"}],"about":[{"href":"https:\/\/crazytimesmusic.com\/en\/wp-json\/wp\/v2\/types\/product"}],"wp:featuredmedia":[{"embeddable":true,"href":"https:\/\/crazytimesmusic.com\/en\/wp-json\/wp\/v2\/media\/31551"}],"wp:attachment":[{"href":"https:\/\/crazytimesmusic.com\/en\/wp-json\/wp\/v2\/media?parent=31549"}],"wp:term":[{"taxonomy":"product_brand","embeddable":true,"href":"https:\/\/crazytimesmusic.com\/en\/wp-json\/wp\/v2\/product_brand?post=31549"},{"taxonomy":"product_cat","embeddable":true,"href":"https:\/\/crazytimesmusic.com\/en\/wp-json\/wp\/v2\/product_cat?post=31549"},{"taxonomy":"product_tag","embeddable":true,"href":"https:\/\/crazytimesmusic.com\/en\/wp-json\/wp\/v2\/product_tag?post=31549"}],"curies":[{"name":"wp","href":"https:\/\/api.w.org\/{rel}","templated":true}]}}