{"id":31559,"date":"2024-11-26T19:58:25","date_gmt":"2024-11-26T18:58:25","guid":{"rendered":"https:\/\/crazytimesmusic.com\/?post_type=product&#038;p=31559"},"modified":"2025-12-11T16:59:17","modified_gmt":"2025-12-11T15:59:17","slug":"pure-country-livre-book","status":"publish","type":"product","link":"https:\/\/crazytimesmusic.com\/en\/produit\/pure-country-livre-book\/","title":{"rendered":"Pure Country ( Livre \/ Book )"},"content":{"rendered":"<p><span class=\"x4k7w5x x1h91t0o x1h9r5lt x1jfb8zj xv2umb2 x1beo9mf xaigb6o x12ejxvf x3igimt xarpa2k xedcshv x1lytzrv x1t2pt76 x7ja8zs x1qrby5j\"><span class=\"x193iq5w xeuugli x13faqbe x1vvkbs x1xmvt09 x1lliihq x1s928wv xhkezso x1gmr53x x1cpjm7i x1fgarty x1943h6x xudqn12 x3x7a5m x6prxxf xvq8zen xo1l8bm xzsf02u\" dir=\"auto\">LIVRE PURE COUNTRY<br \/>\nCe livre qui ne traite que de la Country traditionnelle se rapproche tr\u00e8s souvent de ce Rock&#8217;n&#8217;roll qui se jouait dans les ann\u00e9es 50.<br \/>\nLes styles musicaux d\u00e9crits sont : Le Old time, le Bluegrass, le Cowboy Songs, le Hillbilly, le hillbilly rock, le Western Swing, le Honkytonk, le Cajun. Les plus grands artistes (ainsi que les m\u00e9connus) de cette musique y sont cit\u00e9s (carri\u00e8res musicales et meilleurs albums disponibles). (Roy Acuff, Hank Williams, Johnny Horton, Moon Mullican, Pee Wee King, Bob Wills, Johnny Cash, Lattie Moore, Louis Innis, Roy Hogsed&#8230;).<\/span><\/span><\/p>\n<p>2021 &#8211; 148 pages<\/p>\n<p><b>Auteur :<\/b> Vincent Giordano<\/p>\n<p><b>Langue\u00a0:<\/b> Fran\u00e7ais<\/p>\n<p>&nbsp;<\/p>\n<p>&nbsp;<\/p>\n<p>&nbsp;<\/p>\n<p>&nbsp;<\/p>\n<p>&nbsp;<\/p>\n","protected":false},"excerpt":{"rendered":"<h1>Pure Country<\/h1>\n","protected":false},"featured_media":31561,"template":"","meta":{"_et_pb_use_builder":"","_et_pb_old_content":"","_et_gb_content_width":"","_monsterinsights_skip_tracking":false,"_monsterinsights_sitenote_active":false,"_monsterinsights_sitenote_note":"","_monsterinsights_sitenote_category":0,"_price":"30","_stock":"1","_tribe_ticket_header":"","_tribe_default_ticket_provider":"","_tribe_ticket_capacity":"","_ticket_start_date":"","_ticket_end_date":"","_tribe_ticket_show_description":"","_tribe_ticket_show_not_going":false,"_tribe_ticket_use_global_stock":"","_tribe_ticket_global_stock_level":"","_global_stock_mode":"","_global_stock_cap":"","_tribe_rsvp_for_event":"","_tribe_ticket_going_count":"","_tribe_ticket_not_going_count":"","_tribe_tickets_list":"[]","_tribe_ticket_has_attendee_info_fields":false},"product_brand":[],"product_cat":[2453,2616,2472,2360,2652,2372,2333,2717,3253,2323,2501],"product_tag":[],"class_list":{"0":"post-31559","1":"product","2":"type-product","3":"status-publish","4":"has-post-thumbnail","6":"product_cat-blue-grass-en","7":"product_cat-cajun-en","8":"product_cat-country-50s-60s-en","9":"product_cat-country-music-en","10":"product_cat-honky-tonk-en","11":"product_cat-livres-en","12":"product_cat-memorabilia-en","13":"product_cat-new-country-en","14":"product_cat-old-time-en","15":"product_cat-styles-en","16":"product_cat-western-swing-en","17":"product_shipping_class-10-and-12","18":"pa_condition-new-but-not-sealed-mais-pas-scelle-en","19":"pa_divers-made-in-france-en","21":"first","22":"instock","23":"featured","24":"purchasable","25":"product-type-simple"},"_links":{"self":[{"href":"https:\/\/crazytimesmusic.com\/en\/wp-json\/wp\/v2\/product\/31559","targetHints":{"allow":["GET"]}}],"collection":[{"href":"https:\/\/crazytimesmusic.com\/en\/wp-json\/wp\/v2\/product"}],"about":[{"href":"https:\/\/crazytimesmusic.com\/en\/wp-json\/wp\/v2\/types\/product"}],"wp:featuredmedia":[{"embeddable":true,"href":"https:\/\/crazytimesmusic.com\/en\/wp-json\/wp\/v2\/media\/31561"}],"wp:attachment":[{"href":"https:\/\/crazytimesmusic.com\/en\/wp-json\/wp\/v2\/media?parent=31559"}],"wp:term":[{"taxonomy":"product_brand","embeddable":true,"href":"https:\/\/crazytimesmusic.com\/en\/wp-json\/wp\/v2\/product_brand?post=31559"},{"taxonomy":"product_cat","embeddable":true,"href":"https:\/\/crazytimesmusic.com\/en\/wp-json\/wp\/v2\/product_cat?post=31559"},{"taxonomy":"product_tag","embeddable":true,"href":"https:\/\/crazytimesmusic.com\/en\/wp-json\/wp\/v2\/product_tag?post=31559"}],"curies":[{"name":"wp","href":"https:\/\/api.w.org\/{rel}","templated":true}]}}