{"id":31974,"date":"2024-12-18T17:55:31","date_gmt":"2024-12-18T16:55:31","guid":{"rendered":"https:\/\/crazytimesmusic.com\/?post_type=product&#038;p=31974"},"modified":"2025-12-11T10:50:14","modified_gmt":"2025-12-11T09:50:14","slug":"revue-rockabilly-generation-n32","status":"publish","type":"product","link":"https:\/\/crazytimesmusic.com\/en\/produit\/revue-rockabilly-generation-n32\/","title":{"rendered":"Revue Rockabilly Generation N\u00b032 ( Revue -Magazine -Livre &#8211; Book )"},"content":{"rendered":"<p><span style=\"color: #000000;\"><strong>Au sommaire:<\/strong><\/span><\/p>\n<p><span style=\"color: #000000;\"><strong>-Eddy Mitchell : entretien Jean-Louis Rancurel<br \/>\n<\/strong><\/span><\/p>\n<p><span style=\"color: #000000;\"><strong>-Crazy Cavan : 5 ans d\u00e9j\u00e0 !<\/strong><\/span><\/p>\n<p><span style=\"color: #000000;\"><strong>Figurines Rock : Fabriqu\u00e9es et cr\u00e9\u00e9es par Laurent Manet<\/strong><\/span><\/p>\n<p><span style=\"color: #000000;\"><strong>Festivals : Kustom Festival &amp; Tattoo Rock&#8217;n&#8217;Roll in Pleugueneuc<\/strong><\/span><\/p>\n<p><span style=\"color: #000000;\"><strong>Echo Musique : Les Nouveaut\u00e9s Discographiques <\/strong><\/span><\/p>\n<p><span style=\"color: #000000;\"><strong>Guide Musique : CD&#8217;s &amp; Vinyless<\/strong><\/span><\/p>\n<p><span style=\"color: #000000;\"><strong>Teddy Cats Radio : Good Rockin&#8217; News<\/strong><\/span><\/p>\n<p><span style=\"color: #0000ff;\"><strong>Langue : Fran\u00e7ais ( text in French )<\/strong><\/span><\/p>\n","protected":false},"excerpt":{"rendered":"<h1>N\u00b032\u00a0 &#8211; Janvier-F\u00e9vrier-Mars 2025<\/h1>\n<h1>Langue : Fran\u00e7ais ( text in French )<\/h1>\n","protected":false},"featured_media":31976,"template":"","meta":{"_et_pb_use_builder":"","_et_pb_old_content":"","_et_gb_content_width":"","_monsterinsights_skip_tracking":false,"_monsterinsights_sitenote_active":false,"_monsterinsights_sitenote_note":"","_monsterinsights_sitenote_category":0,"_price":"6","_stock":"0","_tribe_ticket_header":"","_tribe_default_ticket_provider":"","_ticket_start_date":"","_ticket_end_date":"","_tribe_ticket_show_description":"","_tribe_ticket_show_not_going":false,"_tribe_ticket_use_global_stock":"","_tribe_ticket_global_stock_level":"","_global_stock_mode":"","_global_stock_cap":"","_tribe_rsvp_for_event":"","_tribe_ticket_going_count":"","_tribe_ticket_not_going_count":"","_tribe_tickets_list":"[]","_tribe_ticket_has_attendee_info_fields":false},"product_brand":[],"product_cat":[2333,2334],"product_tag":[],"class_list":{"0":"post-31974","1":"product","2":"type-product","3":"status-publish","4":"has-post-thumbnail","6":"product_cat-memorabilia-en","7":"product_cat-revues-et-magazines-en","8":"product_shipping_class-10-and-12","9":"pa_condition-new-but-not-sealed-mais-pas-scelle-en","10":"pa_divers-made-in-france-en","12":"first","13":"outofstock","14":"purchasable","15":"product-type-simple"},"_links":{"self":[{"href":"https:\/\/crazytimesmusic.com\/en\/wp-json\/wp\/v2\/product\/31974","targetHints":{"allow":["GET"]}}],"collection":[{"href":"https:\/\/crazytimesmusic.com\/en\/wp-json\/wp\/v2\/product"}],"about":[{"href":"https:\/\/crazytimesmusic.com\/en\/wp-json\/wp\/v2\/types\/product"}],"wp:featuredmedia":[{"embeddable":true,"href":"https:\/\/crazytimesmusic.com\/en\/wp-json\/wp\/v2\/media\/31976"}],"wp:attachment":[{"href":"https:\/\/crazytimesmusic.com\/en\/wp-json\/wp\/v2\/media?parent=31974"}],"wp:term":[{"taxonomy":"product_brand","embeddable":true,"href":"https:\/\/crazytimesmusic.com\/en\/wp-json\/wp\/v2\/product_brand?post=31974"},{"taxonomy":"product_cat","embeddable":true,"href":"https:\/\/crazytimesmusic.com\/en\/wp-json\/wp\/v2\/product_cat?post=31974"},{"taxonomy":"product_tag","embeddable":true,"href":"https:\/\/crazytimesmusic.com\/en\/wp-json\/wp\/v2\/product_tag?post=31974"}],"curies":[{"name":"wp","href":"https:\/\/api.w.org\/{rel}","templated":true}]}}