{"id":32149,"date":"2025-01-07T15:17:08","date_gmt":"2025-01-07T14:17:08","guid":{"rendered":"https:\/\/crazytimesmusic.com\/?post_type=product&#038;p=32149"},"modified":"2025-01-07T15:22:03","modified_gmt":"2025-01-07T14:22:03","slug":"nettoyant-pour-disques-vinyles-250-ml-vinyl-cleaner-250-ml","status":"publish","type":"product","link":"https:\/\/crazytimesmusic.com\/en\/produit\/nettoyant-pour-disques-vinyles-250-ml-vinyl-cleaner-250-ml\/","title":{"rendered":"Nettoyant pour disques vinyles 250 ml \/ Vinyl Cleaner 250 ml"},"content":{"rendered":"<p><span style=\"color: #000000;\">Winyl Spray nettoyant vinyle 250 ml<\/span><\/p>\n<p><span style=\"color: #000000;\">Le Winyl Spray est un produit nettoyant pour vinyle sp\u00e9cialement con\u00e7u pour entretenir votre collection de disques vinyle. D\u00e9velopp\u00e9 pour ne laisser aucune trace dans les sillons du disque ni sur la surface, le nettoyant Winyl Spray a \u00e9t\u00e9 minutieusement con\u00e7u en laboratoire \u00e0 partir de produits de qualit\u00e9 sup\u00e9rieure.<\/span><\/p>\n<p><span style=\"color: #000000;\">Le produit nettoyant Winyl Spray peut \u00eatre utilis\u00e9 r\u00e9guli\u00e8rement sans alt\u00e9rer la surface de vos disques. Ultra efficace contre la poussi\u00e8re, la graisse, les huiles, et autres r\u00e9sidus pouvant amoindrir la qualit\u00e9 d&#8217;enregistrement, le Winyl Spray est livr\u00e9 avec un chiffon en microfibres vous permettant d&#8217;essuyer d\u00e9licatement la solution nettoyante.<\/span><\/p>\n<p><span style=\"color: #000000;\">Caract\u00e9ristiques<\/span><\/p>\n<p><span style=\"color: #000000;\">Solution de nettoyage pour le d\u00e9poussi\u00e9rage et d\u00e9graissage des disques vinyle<\/span><br \/>\n<span style=\"color: #000000;\">Nettoie en profondeur<\/span><br \/>\n<span style=\"color: #000000;\">Pr\u00e9serve la surface des disques<\/span><br \/>\n<span style=\"color: #000000;\">Efficace contre la poussi\u00e8re, la graisse, des huiles, des r\u00e9sidus<\/span><br \/>\n<span style=\"color: #000000;\">Flacon de 250mL<\/span><br \/>\n<span style=\"color: #000000;\">Chiffon en microfibres<\/span><\/p>\n","protected":false},"excerpt":{"rendered":"<h1>Winyl Spray nettoyant vinyle 250 ml<\/h1>\n","protected":false},"featured_media":32151,"template":"","meta":{"_et_pb_use_builder":"","_et_pb_old_content":"","_et_gb_content_width":"","_monsterinsights_skip_tracking":false,"_monsterinsights_sitenote_active":false,"_monsterinsights_sitenote_note":"","_monsterinsights_sitenote_category":0,"_price":"10","_stock":"2.000000","_tribe_ticket_header":"","_tribe_default_ticket_provider":"","_ticket_start_date":"","_ticket_end_date":"","_tribe_ticket_show_description":"","_tribe_ticket_show_not_going":false,"_tribe_ticket_use_global_stock":"","_tribe_ticket_global_stock_level":"","_global_stock_mode":"","_global_stock_cap":"","_tribe_rsvp_for_event":"","_tribe_ticket_going_count":"","_tribe_ticket_not_going_count":"","_tribe_tickets_list":"[]","_tribe_ticket_has_attendee_info_fields":false},"product_brand":[],"product_cat":[3362,3363],"product_tag":[],"class_list":{"0":"post-32149","1":"product","2":"type-product","3":"status-publish","4":"has-post-thumbnail","6":"product_cat-disc-accessories","7":"product_cat-produits-dentretien-pour-vinyles-en","8":"product_shipping_class-10-and-12","9":"pa_condition-new-but-not-sealed-mais-pas-scelle-en","10":"pa_divers-made-in-france-en","12":"first","13":"instock","14":"purchasable","15":"product-type-simple"},"_links":{"self":[{"href":"https:\/\/crazytimesmusic.com\/en\/wp-json\/wp\/v2\/product\/32149","targetHints":{"allow":["GET"]}}],"collection":[{"href":"https:\/\/crazytimesmusic.com\/en\/wp-json\/wp\/v2\/product"}],"about":[{"href":"https:\/\/crazytimesmusic.com\/en\/wp-json\/wp\/v2\/types\/product"}],"wp:featuredmedia":[{"embeddable":true,"href":"https:\/\/crazytimesmusic.com\/en\/wp-json\/wp\/v2\/media\/32151"}],"wp:attachment":[{"href":"https:\/\/crazytimesmusic.com\/en\/wp-json\/wp\/v2\/media?parent=32149"}],"wp:term":[{"taxonomy":"product_brand","embeddable":true,"href":"https:\/\/crazytimesmusic.com\/en\/wp-json\/wp\/v2\/product_brand?post=32149"},{"taxonomy":"product_cat","embeddable":true,"href":"https:\/\/crazytimesmusic.com\/en\/wp-json\/wp\/v2\/product_cat?post=32149"},{"taxonomy":"product_tag","embeddable":true,"href":"https:\/\/crazytimesmusic.com\/en\/wp-json\/wp\/v2\/product_tag?post=32149"}],"curies":[{"name":"wp","href":"https:\/\/api.w.org\/{rel}","templated":true}]}}