{"id":36810,"date":"2025-06-16T09:49:28","date_gmt":"2025-06-16T07:49:28","guid":{"rendered":"https:\/\/crazytimesmusic.com\/?post_type=product&#038;p=36810"},"modified":"2025-07-26T09:15:28","modified_gmt":"2025-07-26T07:15:28","slug":"nelson-carrera-and-his-tip-top-daddies-young-blood-cd-tr-5603","status":"publish","type":"product","link":"https:\/\/crazytimesmusic.com\/en\/produit\/nelson-carrera-and-his-tip-top-daddies-young-blood-cd-tr-5603\/","title":{"rendered":"Nelson Carrera and his Tip Top Daddies &#8211; Young Blood ( CD )\ufeff -TR 5603"},"content":{"rendered":"<p><span style=\"color: #000000;\"><strong>Nelson Carrera and his Tip Top Daddies<\/strong><\/span><br \/>\n<span style=\"color: #000000;\"><strong>Young Blood -TR 5603. <\/strong><\/span><br \/>\n<span style=\"color: #000000;\"><strong>CD comprenant 16 titres , inclus 4 bonus qui ne seront pas sur la version vinyle . ( la pochette de ce CD est en format 45t ! ) c&#8217;est une autoproduction . <\/strong><\/span><br \/>\n<span style=\"color: #000000;\"><strong>Album enregistr\u00e9 au 109 Records Studio. <\/strong><\/span><br \/>\n<span style=\"color: #000000;\"><strong>Nelson Carrera : Chant, Marcel Aubry : Guitares \/ ch\u0153urs &amp; basse \u00e9lectrique , Andras Mitchell : contrebasse et ch\u0153urs ,Didier \u00ab Zio \u00bb Tireau : Contrebasse, Red Dennis ( batterie ), Alain Neau ( piano et ch\u0153urs, Olivier Canterelle et Damien Daigniau : piano, Mat le Rouge : sax t\u00e9nor et baryton.<\/strong><\/span><br \/>\n<span style=\"color: #000000;\"><strong>Autres ch\u0153urs par Ervin Travis et Lilly Boyer.<\/strong><\/span><br \/>\n<span style=\"color: #000000;\"><strong>Enregistr\u00e9 au \u00ab 109 records studio \u00bb par Philippe Fessard<\/strong><\/span><br \/>\n<span style=\"color: #000000;\"><strong>Mixage et mastering : Jerry Lee Marcel ( Abbey Road d&#8217;Enfer ) et Philippe Fessard.<\/strong><\/span><\/p>\n<p>&nbsp;<\/p>\n<p>&nbsp;<\/p>\n<p>&nbsp;<\/p>\n","protected":false},"excerpt":{"rendered":"<h1>Young Blood<\/h1>\n","protected":false},"featured_media":36811,"template":"","meta":{"_et_pb_use_builder":"","_et_pb_old_content":"","_et_gb_content_width":"","_monsterinsights_skip_tracking":false,"_monsterinsights_sitenote_active":false,"_monsterinsights_sitenote_note":"","_monsterinsights_sitenote_category":0,"_price":"15","_stock":"0","_tribe_ticket_header":"","_tribe_default_ticket_provider":"","_tribe_ticket_capacity":"","_ticket_start_date":"","_ticket_end_date":"","_tribe_ticket_show_description":"","_tribe_ticket_show_not_going":false,"_tribe_ticket_use_global_stock":"","_tribe_ticket_global_stock_level":"","_global_stock_mode":"","_global_stock_cap":"","_tribe_rsvp_for_event":"","_tribe_ticket_going_count":"","_tribe_ticket_not_going_count":"","_tribe_tickets_list":"[]","_tribe_ticket_has_attendee_info_fields":false},"product_brand":[],"product_cat":[798,14,817,792,3935,797],"product_tag":[],"class_list":{"0":"post-36810","1":"product","2":"type-product","3":"status-publish","4":"has-post-thumbnail","6":"product_cat-cd","7":"product_cat-disques","8":"product_cat-labels","9":"product_cat-neo-rockabilly","10":"product_cat-nouveautes","11":"product_cat-styles","12":"product_shipping_class-small-packet","13":"pa_artiste-nelson-carrera","14":"pa_classement-alphabetique-c-d","15":"pa_condition-new-but-not-sealed-mais-pas-scelle","16":"pa_format-cds","17":"pa_label-tiger-records","18":"pa_style-musical-revival-neo-rockabilly","20":"first","21":"outofstock","22":"featured","23":"purchasable","24":"product-type-simple"},"_links":{"self":[{"href":"https:\/\/crazytimesmusic.com\/en\/wp-json\/wp\/v2\/product\/36810","targetHints":{"allow":["GET"]}}],"collection":[{"href":"https:\/\/crazytimesmusic.com\/en\/wp-json\/wp\/v2\/product"}],"about":[{"href":"https:\/\/crazytimesmusic.com\/en\/wp-json\/wp\/v2\/types\/product"}],"wp:featuredmedia":[{"embeddable":true,"href":"https:\/\/crazytimesmusic.com\/en\/wp-json\/wp\/v2\/media\/36811"}],"wp:attachment":[{"href":"https:\/\/crazytimesmusic.com\/en\/wp-json\/wp\/v2\/media?parent=36810"}],"wp:term":[{"taxonomy":"product_brand","embeddable":true,"href":"https:\/\/crazytimesmusic.com\/en\/wp-json\/wp\/v2\/product_brand?post=36810"},{"taxonomy":"product_cat","embeddable":true,"href":"https:\/\/crazytimesmusic.com\/en\/wp-json\/wp\/v2\/product_cat?post=36810"},{"taxonomy":"product_tag","embeddable":true,"href":"https:\/\/crazytimesmusic.com\/en\/wp-json\/wp\/v2\/product_tag?post=36810"}],"curies":[{"name":"wp","href":"https:\/\/api.w.org\/{rel}","templated":true}]}}