{"id":39186,"date":"2025-11-09T11:02:59","date_gmt":"2025-11-09T10:02:59","guid":{"rendered":"https:\/\/crazytimesmusic.com\/?post_type=product&#038;p=39186"},"modified":"2025-11-09T11:07:35","modified_gmt":"2025-11-09T10:07:35","slug":"lost-highway-sur-les-routes-du-rockabilly-du-blues-et-de-la-country-music-book-livre-en-francais","status":"publish","type":"product","link":"https:\/\/crazytimesmusic.com\/en\/produit\/lost-highway-sur-les-routes-du-rockabilly-du-blues-et-de-la-country-music-book-livre-en-francais\/","title":{"rendered":"Lost Highway: Sur les routes du Rockabilly du Blues et de la Country Music ( Book \/Livre en Fran\u00e7ais)"},"content":{"rendered":"<p><span style=\"color: #000000;\"><strong>Lost Highway: Sur les routes du Rockabilly du Blues et de la Country Music <\/strong><\/span><br \/>\n<span style=\"color: #000000;\"><strong>\u00c9diteur \u200f : \u200e Rivages Rouges<\/strong><\/span><br \/>\n<span style=\"color: #000000;\"><strong>Septembre 2010 , texte en \u200e Fran\u00e7ais ,448 pages<\/strong><\/span><br \/>\n<span style=\"color: #000000;\"><strong>de Peter Guralnick (Auteur), Philippe Blanchet (\u00c9diteur de s\u00e9rie), Nicolas Guichard (Traduction)<\/strong><\/span><br \/>\n<span style=\"color: #000000;\"><strong>Description :<\/strong><\/span><br \/>\n<span style=\"color: #000000;\"><strong>Quelques ann\u00e9es apr\u00e8s Feel Like Going Home, Peter Guralnick repart \u00e0 la rencontre de la musique populaire am\u00e9ricaine, sur les routes du blues, de la country et du rockabilly. Des g\u00e9ants du country &amp; western comme Ernest Tubb, Hank Snow, Waylon Jennings ou Hank Williams Jr aux premi\u00e8res l\u00e9gendes du rock&#8217;n&#8217;roll, en passant par quelques bluesmen des clubs de Chicago aujourd&#8217;hui tous disparus, Guralnick dresse l&#8217;\u00e9mouvant portrait des grandes figures et des obscurs h\u00e9ros du genre, \u00e9voque avec ferveur leurs succ\u00e8s, leurs gal\u00e8res, leurs naufrages et restitue toute l&#8217;\u00e2pret\u00e9 et parfois m\u00eame toute la trag\u00e9die de vies souvent pass\u00e9es sur les routes, de club en club, de concert en concert, de r\u00eave en illusion perdue. Lost Highway, deuxi\u00e8me volet d&#8217;un diptyque entam\u00e9 en 1971 avec Feel Like Going Home.<\/strong><\/span><\/p>\n<p><span style=\"color: #000000;\"><strong>Biographie de l&#8217;auteur<\/strong><\/span><br \/>\n<span style=\"color: #000000;\"><strong>N\u00e9 en 1943 \u00e0 Boston, Peter Guralnick est l\u2019auteur de nombreux ouvrages qui ont fait date sur la musique, comme Feel Like Going Home, Lost Highway et Sweet Soul Music, ainsi qu\u2019une biographie monumentale consacr\u00e9e \u00e0 Elvis Presley, suivie plus r\u00e9cemment d\u2019une tr\u00e8s compl\u00e8te monographie sur Sam Cooke. Journaliste d\u00e8s la fin des ann\u00e9es 60, notamment \u00e0 Rolling Stone, Peter Guralnick est \u00e9galement l\u2019auteur d\u2019un roman noir sur fond de blues \u00e9pais, Nighthawk Blues.<\/strong><\/span><\/p>\n<p>&nbsp;<\/p>\n<p>&nbsp;<\/p>\n","protected":false},"excerpt":{"rendered":"<h1>par Peter Guralnick<\/h1>\n","protected":false},"featured_media":39188,"template":"","meta":{"_et_pb_use_builder":"","_et_pb_old_content":"","_et_gb_content_width":"","_monsterinsights_skip_tracking":false,"_monsterinsights_sitenote_active":false,"_monsterinsights_sitenote_note":"","_monsterinsights_sitenote_category":0,"_price":"20","_stock":"0","_tribe_ticket_header":"","_tribe_default_ticket_provider":"","_ticket_start_date":"","_ticket_end_date":"","_tribe_ticket_show_description":"","_tribe_ticket_show_not_going":false,"_tribe_ticket_use_global_stock":"","_tribe_ticket_global_stock_level":"","_global_stock_mode":"","_global_stock_cap":"","_tribe_rsvp_for_event":"","_tribe_ticket_going_count":"","_tribe_ticket_not_going_count":"","_tribe_tickets_list":"[]","_tribe_ticket_has_attendee_info_fields":false},"product_brand":[],"product_cat":[2401,2360,2372,2333,2321],"product_tag":[],"class_list":{"0":"post-39186","1":"product","2":"type-product","3":"status-publish","4":"has-post-thumbnail","6":"product_cat-blues-30s-60s-en","7":"product_cat-country-music-en","8":"product_cat-livres-en","9":"product_cat-memorabilia-en","10":"product_cat-rockabilly-rocknroll-50s-en","11":"product_shipping_class-10-and-12","12":"pa_condition-second-hand-occasion-en","13":"pa_condition-cover-pochette-ex-2-en","14":"pa_divers-made-in-france-en","16":"first","17":"outofstock","18":"featured","19":"purchasable","20":"product-type-simple"},"_links":{"self":[{"href":"https:\/\/crazytimesmusic.com\/en\/wp-json\/wp\/v2\/product\/39186","targetHints":{"allow":["GET"]}}],"collection":[{"href":"https:\/\/crazytimesmusic.com\/en\/wp-json\/wp\/v2\/product"}],"about":[{"href":"https:\/\/crazytimesmusic.com\/en\/wp-json\/wp\/v2\/types\/product"}],"wp:featuredmedia":[{"embeddable":true,"href":"https:\/\/crazytimesmusic.com\/en\/wp-json\/wp\/v2\/media\/39188"}],"wp:attachment":[{"href":"https:\/\/crazytimesmusic.com\/en\/wp-json\/wp\/v2\/media?parent=39186"}],"wp:term":[{"taxonomy":"product_brand","embeddable":true,"href":"https:\/\/crazytimesmusic.com\/en\/wp-json\/wp\/v2\/product_brand?post=39186"},{"taxonomy":"product_cat","embeddable":true,"href":"https:\/\/crazytimesmusic.com\/en\/wp-json\/wp\/v2\/product_cat?post=39186"},{"taxonomy":"product_tag","embeddable":true,"href":"https:\/\/crazytimesmusic.com\/en\/wp-json\/wp\/v2\/product_tag?post=39186"}],"curies":[{"name":"wp","href":"https:\/\/api.w.org\/{rel}","templated":true}]}}