{"id":7246,"date":"2025-01-16T16:20:14","date_gmt":"2025-01-16T15:20:14","guid":{"rendered":"https:\/\/new.crazytimesmusic.fr\/produit\/the-rockin-daddys-cd\/"},"modified":"2025-01-16T16:35:25","modified_gmt":"2025-01-16T15:35:25","slug":"the-rockin-daddys-from-memphis-to-london","status":"publish","type":"product","link":"https:\/\/crazytimesmusic.com\/en\/produit\/the-rockin-daddys-from-memphis-to-london\/","title":{"rendered":"The Rockin&#8217; Daddys \u2013 From Memphis To London  ( CD )"},"content":{"rendered":"<p><span style=\"color: #000000;\"><strong>The Rockin&#8217; Daddys \u200e\u2013 From Memphis To London<\/strong><\/span><br \/>\n<span style=\"color: #000000;\"><strong>Rebel Music Rec. \u200e\u2013 RM 5021<\/strong><\/span><br \/>\n<span style=\"color: #000000;\"><strong>CD, Album ,Germany,2018<\/strong><\/span><\/p>\n<p><span style=\"color: #000000;\"><strong>Tracklist<\/strong><\/span><br \/>\n<span style=\"color: #000000;\"><strong>1 Folsom Prison Blues <\/strong><\/span><br \/>\n<span style=\"color: #000000;\"><strong>2 Down The Line <\/strong><\/span><br \/>\n<span style=\"color: #000000;\"><strong>3 Teenage Heaven <\/strong><\/span><br \/>\n<span style=\"color: #000000;\"><strong>4 Cast Iron Arm <\/strong><\/span><br \/>\n<span style=\"color: #000000;\"><strong>5 Sea Of Heartbreak <\/strong><\/span><br \/>\n<span style=\"color: #000000;\"><strong>6 House Of The Rising Sun <\/strong><\/span><br \/>\n<span style=\"color: #000000;\"><strong>7 Move It <\/strong><\/span><br \/>\n<span style=\"color: #000000;\"><strong>8 The Wanderer <\/strong><\/span><br \/>\n<span style=\"color: #000000;\"><strong>9 Road Of Steel <\/strong><\/span><br \/>\n<span style=\"color: #000000;\"><strong>10 Drivin Wheel <\/strong><\/span><br \/>\n<span style=\"color: #000000;\"><strong>11 I&#8217;m Dressed In Style <\/strong><\/span><br \/>\n<span style=\"color: #000000;\"><strong>12 Jeezy Peezy <\/strong><\/span><br \/>\n<span style=\"color: #000000;\"><strong>13 I&#8217;m Proud To Be <\/strong><\/span><\/p>\n<h5><span style=\"color: #000000;\"><strong>Release November 2018<\/strong><\/span><\/h5>\n<p><span style=\"color: #000000;\"><strong>Formed in 2001, the Rockin&#8217; Daddys appeared at numerous international festivals and venues, including the Ted Do festival, Rocky Roade Rock \u00b4n\u00b4 Roll Club in London-Luton and the Crazy Rythm festival in Valencia, Spain. They also regularly play in their native country France. With their new album, \u201cFrom Memphis to London\u201c, the Rockin&#8217; Daddys go back in time to 1956, revisiting the years of British Revival through a mixture of originals and new songs expressing their passionate love for Rock\u2019n\u2019Roll.<\/strong><\/span><\/p>\n<p><span style=\"color: #000000;\"><strong>Les Rockin\u2019 Daddys, : 4 gar\u00e7ons de Rh\u00f4ne et Loire &#8211; France<\/strong><\/span><br \/>\n<span style=\"color: #000000;\"><strong>Le groupe est n\u00e9 au printemps 2001. Premier concert en septembre 2001 et quelques mois plus tard&#8230; en janvier 2003&#8230; la premi\u00e8re partie de Mr.ROBERT GORDON et de MARCO DI MAGIO au Rail Th\u00e9atre-Lyon et un passage en direct sur les ondes de RTL&#8230; dans &#8221; Les Nocturnes &#8221; de Gorges LANG&#8230;<\/strong><\/span><br \/>\n<span style=\"color: #000000;\"><strong>Printemps 2004, tout juste trois petites ann\u00e9es apr\u00e8s leur rencontre, ils enregistrent leur CD &#8220;I Feel Nervous&#8221;&#8230; et jouent devant les plus grands : CRAZY CAVAN , SANDY FORD , RAY CAMPI, SONNY BURGESS&#8230; pour ne citer qu\u2019eux .<\/strong><\/span><br \/>\n<span style=\"color: #000000;\"><strong>4 parcours diff\u00e9rents, 4 personnalit\u00e9s et une rencontre qui unit ces gar\u00e7ons leur permettant d\u2019exprimer une passion commune : la musique, un style, le Rock n\u2019 Roll et British Rockabilly.<\/strong><\/span><\/p>\n<p>&nbsp;<\/p>\n<p><iframe loading=\"lazy\" title=\"Extracts from The Rockin&#039; Daddys brand new CD &quot; From Memphis to London&quot;\" width=\"1080\" height=\"608\" src=\"https:\/\/www.youtube.com\/embed\/O8KYWeWlM8k?feature=oembed\"  allow=\"accelerometer; autoplay; clipboard-write; encrypted-media; gyroscope; picture-in-picture; web-share\" referrerpolicy=\"strict-origin-when-cross-origin\" allowfullscreen><\/iframe><\/p>\n<p><iframe loading=\"lazy\" title=\"I\u00b4m Dressed in Style\" width=\"1080\" height=\"810\" src=\"https:\/\/www.youtube.com\/embed\/C6hsIcObz-8?feature=oembed\"  allow=\"accelerometer; autoplay; clipboard-write; encrypted-media; gyroscope; picture-in-picture; web-share\" referrerpolicy=\"strict-origin-when-cross-origin\" allowfullscreen><\/iframe><\/p>\n","protected":false},"excerpt":{"rendered":"<h1 id=\"itemTitle\" class=\"it-ttl\">From Memphis To London<\/h1>\n","protected":false},"featured_media":7247,"template":"","meta":{"_et_pb_use_builder":"","_et_pb_old_content":"","_et_gb_content_width":"","_monsterinsights_skip_tracking":false,"_monsterinsights_sitenote_active":false,"_monsterinsights_sitenote_note":"","_monsterinsights_sitenote_category":0,"_price":"15","_stock":"2","_tribe_ticket_header":"","_tribe_default_ticket_provider":"","_ticket_start_date":"","_ticket_end_date":"","_tribe_ticket_show_description":"","_tribe_ticket_show_not_going":false,"_tribe_ticket_use_global_stock":"","_tribe_ticket_global_stock_level":"","_global_stock_mode":"","_global_stock_cap":"","_tribe_rsvp_for_event":"","_tribe_ticket_going_count":"","_tribe_ticket_not_going_count":"","_tribe_tickets_list":"[]","_tribe_ticket_has_attendee_info_fields":false},"product_brand":[],"product_cat":[798,836,14,817,797,838],"product_tag":[],"class_list":{"0":"post-7246","1":"product","2":"type-product","3":"status-publish","4":"has-post-thumbnail","6":"product_cat-cd","7":"product_cat-country-music","8":"product_cat-disques","9":"product_cat-labels","10":"product_cat-styles","11":"product_cat-teddyboy-revival","12":"product_shipping_class-small-packet","13":"pa_artiste-rockin-daddys-the","14":"pa_classement-alphabetique-c-d","15":"pa_classement-alphabetique-q-r","16":"pa_condition-new-record-disque-neuf","17":"pa_format-cds","18":"pa_label-rockabilly-records","19":"pa_style-musical-revival-neo-rockabilly","20":"pa_style-musical-teddy-boys","22":"first","23":"instock","24":"purchasable","25":"product-type-simple"},"_links":{"self":[{"href":"https:\/\/crazytimesmusic.com\/en\/wp-json\/wp\/v2\/product\/7246","targetHints":{"allow":["GET"]}}],"collection":[{"href":"https:\/\/crazytimesmusic.com\/en\/wp-json\/wp\/v2\/product"}],"about":[{"href":"https:\/\/crazytimesmusic.com\/en\/wp-json\/wp\/v2\/types\/product"}],"wp:featuredmedia":[{"embeddable":true,"href":"https:\/\/crazytimesmusic.com\/en\/wp-json\/wp\/v2\/media\/7247"}],"wp:attachment":[{"href":"https:\/\/crazytimesmusic.com\/en\/wp-json\/wp\/v2\/media?parent=7246"}],"wp:term":[{"taxonomy":"product_brand","embeddable":true,"href":"https:\/\/crazytimesmusic.com\/en\/wp-json\/wp\/v2\/product_brand?post=7246"},{"taxonomy":"product_cat","embeddable":true,"href":"https:\/\/crazytimesmusic.com\/en\/wp-json\/wp\/v2\/product_cat?post=7246"},{"taxonomy":"product_tag","embeddable":true,"href":"https:\/\/crazytimesmusic.com\/en\/wp-json\/wp\/v2\/product_tag?post=7246"}],"curies":[{"name":"wp","href":"https:\/\/api.w.org\/{rel}","templated":true}]}}